{"id":57,"date":"2020-03-04T13:16:03","date_gmt":"2020-03-04T12:16:03","guid":{"rendered":"https:\/\/marinedescols.com\/?page_id=57"},"modified":"2021-08-27T07:45:07","modified_gmt":"2021-08-27T05:45:07","slug":"contact","status":"publish","type":"page","link":"https:\/\/marinedescols.com\/en\/contact\/","title":{"rendered":"CONTACT"},"content":{"rendered":"<!--themify_builder_content-->\n<div id=\"themify_builder_content-57\" data-postid=\"57\" class=\"themify_builder_content themify_builder_content-57 themify_builder tf_clear\">\n                    <div  data-css_id=\"m875685\" data-lazy=\"1\" class=\"module_row themify_builder_row fullwidth tb_m875685 tb_first tf_w\">\n            <span  class=\"builder_row_cover tf_abs\" data-lazy=\"1\"><\/span><span class=\"tb_row_frame_wrap tf_overflow tf_abs\" data-lazy=\"1\"><span class=\"tb_row_frame tb_row_frame_bottom  tf_abs tf_hide tf_overflow tf_w\"><\/span><\/span>            <div class=\"row_inner col_align_top tb_col_count_2 tf_box tf_rel\">\n                        <div  data-lazy=\"1\" class=\"module_column tb-column col4-2 tb_4u0y685 first\">\n                            <div  data-lazy=\"1\" class=\"module_subrow themify_builder_sub_row tf_w col_align_top tb_col_count_1 tb_ald6685\">\n                <div  data-lazy=\"1\" class=\"module_column sub_column col-full tb_6zlr686 first\">\n                    <!-- module text -->\n<div  class=\"module module-text tb_jzfa686\" data-lazy=\"1\">\n        <div  class=\"tb_text_wrap\">\n        <h1 style=\"text-align: left;\">Contact me<\/h1>    <\/div>\n<\/div>\n<!-- \/module text --><!-- module text -->\n<div  class=\"module module-text tb_9b7h553\" data-lazy=\"1\">\n        <div  class=\"tb_text_wrap\">\n        <p>Do you have any questions? Would you like to make an appointment?<\/p>\n<p>Do not hesitate to contact me from 8H00 to 21H00 every day at 06 16 37 70 47 or by mail using the form opposite.<\/p>\n<p>You can also follow me on social networks:<\/p>    <\/div>\n<\/div>\n<!-- \/module text --><!-- module icon -->\n<div  class=\"module module-icon tb_1xta648  large circle icon_horizontal\" data-lazy=\"1\">\n\t\t\t<div class=\"module-icon-item\">\n\t\t\t\t\t\t\t<a href=\"https:\/\/www.facebook.com\/marinedescols\/\" rel=\"noopener\" target=\"_blank\">\n\t\t\t\t\t\t\t\t\t\t\t\t\t\t\t\t\t<em class=\"tf_boxlight-blue\"\n\t\t\t\t\t\t\t\t\t\t\t\t\t\t\t\t\t><svg  class=\"tf_fa tf-fab-facebook-f\" xmlns:xlink=\"http:\/\/www.w3.org\/1999\/xlink\" aria-hidden=\"true\"><use href=\"#tf-fab-facebook-f\" xlink:href=\"#tf-fab-facebook-f\"><\/use><\/svg><\/em>\n\t\t\t\t\t\t\t\t\t\t\t\t\t\t\t\t\t\t\t<span>Marine Descols<\/span>\n\t\t\t\t\t\t\t\t\t\t\t\t\t\t\t\t\t<\/a>\n\t\t\t\t\t<\/div>\n\t<\/div>\n<!-- \/module icon -->\n<!-- module icon -->\n<div  class=\"module module-icon tb_ubdy402  large circle icon_horizontal\" data-lazy=\"1\">\n\t\t\t<div class=\"module-icon-item\">\n\t\t\t\t\t\t\t<a href=\"https:\/\/www.instagram.com\/marinedescols\/?hl=es\" rel=\"noopener\" target=\"_blank\">\n\t\t\t\t\t\t\t\t\t\t\t\t\t\t\t\t\t<em class=\"tf_boxlight-blue\"\n\t\t\t\t\t\t\t\t\t\t\t\t\t\t\t\t\t><svg  class=\"tf_fa tf-fab-instagram\" xmlns:xlink=\"http:\/\/www.w3.org\/1999\/xlink\" aria-hidden=\"true\"><use href=\"#tf-fab-instagram\" xlink:href=\"#tf-fab-instagram\"><\/use><\/svg><\/em>\n\t\t\t\t\t\t\t\t\t\t\t\t\t\t\t\t\t\t\t<span>marinedescols &nbsp;&nbsp;<img decoding=\"async\" src=\"https:\/\/marinedescols.com\/wp-content\/plugins\/translatepress-multilingual\/assets\/images\/flags\/en_GB.png\" style=\"vertical-align: middle\" \/><\/span>\n\t\t\t\t\t\t\t\t\t\t\t\t\t\t\t\t\t<\/a>\n\t\t\t\t\t<\/div>\n\t<\/div>\n<!-- \/module icon -->\n<!-- module icon -->\n<div  class=\"module module-icon tb_bjo474  large circle icon_horizontal\" data-lazy=\"1\">\n\t\t\t<div class=\"module-icon-item\">\n\t\t\t\t\t\t\t<a href=\"https:\/\/www.instagram.com\/marinedescols_fr\/?hl=es\" rel=\"noopener\" target=\"_blank\">\n\t\t\t\t\t\t\t\t\t\t\t\t\t\t\t\t\t<em class=\"tf_boxlight-blue\"\n\t\t\t\t\t\t\t\t\t\t\t\t\t\t\t\t\t><svg  class=\"tf_fa tf-fab-instagram\" xmlns:xlink=\"http:\/\/www.w3.org\/1999\/xlink\" aria-hidden=\"true\"><use href=\"#tf-fab-instagram\" xlink:href=\"#tf-fab-instagram\"><\/use><\/svg><\/em>\n\t\t\t\t\t\t\t\t\t\t\t\t\t\t\t\t\t\t\t<span>lesvoyagesdelesprit &nbsp;&nbsp;<img decoding=\"async\" src=\"https:\/\/marinedescols.com\/wp-content\/plugins\/translatepress-multilingual\/assets\/images\/flags\/fr_FR.png\" style=\"vertical-align: middle\" \/><\/span>\n\t\t\t\t\t\t\t\t\t\t\t\t\t\t\t\t\t<\/a>\n\t\t\t\t\t<\/div>\n\t<\/div>\n<!-- \/module icon -->\n<!-- module icon -->\n<div  class=\"module module-icon tb_p8ng161  large circle icon_horizontal\" data-lazy=\"1\">\n\t\t\t<div class=\"module-icon-item\">\n\t\t\t\t\t\t\t<a href=\"https:\/\/www.youtube.com\/channel\/UC76wM2WGR_iz2TyqoabUuWw\" rel=\"noopener\" target=\"_blank\">\n\t\t\t\t\t\t\t\t\t\t\t\t\t\t\t\t\t<em class=\"tf_boxlight-blue\"\n\t\t\t\t\t\t\t\t\t\t\t\t\t\t\t\t\t><svg  class=\"tf_fa tf-fab-youtube\" xmlns:xlink=\"http:\/\/www.w3.org\/1999\/xlink\" aria-hidden=\"true\"><use href=\"#tf-fab-youtube\" xlink:href=\"#tf-fab-youtube\"><\/use><\/svg><\/em>\n\t\t\t\t\t\t\t\t\t\t\t\t\t\t\t\t\t\t\t<span>Marine Descols<\/span>\n\t\t\t\t\t\t\t\t\t\t\t\t\t\t\t\t\t<\/a>\n\t\t\t\t\t<\/div>\n\t<\/div>\n<!-- \/module icon -->\n        <\/div>\n                    <\/div>\n                <\/div>\n                    <div  data-lazy=\"1\" class=\"module_column tb-column col4-2 tb_s2oa350 last\">\n                    <!-- module contact -->\n<div  id=\"tb_e6cp303\" class=\"module module-contact tb_e6cp303 contact-style1\" data-lazy=\"1\">\n    <h3 class=\"module-title\">Contact form (*required fields)<\/h3>\n\t<form class=\"builder-contact\"\n\t\tid=\"tb_e6cp303-form\"\n\t\tmethod=\"post\"\n\t\tdata-post-id=\"57\"\n\t\tdata-element-id=\"e6cp303\"\n\t\tdata-orig-id=\"57\" action=\"\"\n\t>\n    <div class=\"contact-message\"><\/div>\n\t<input type=\"hidden\" id=\"bc_nonce\" name=\"bc_nonce\" value=\"228dab886a\" \/><input type=\"hidden\" name=\"_wp_http_referer\" value=\"\/en\/wp-json\/wp\/v2\/pages\/57\" \/>\t<div class=\"builder-contact-fields tf_rel\">\n\t\t    \t\t    <div class=\"builder-contact-field builder-contact-field-name builder-contact-text-field\">\n\t\t\t    <label class=\"control-label\" for=\"tb_e6cp303-contact-name\">\n\t\t\t\t\t\t\t\t\t\t<span class=\"tb-label-span\">First &amp; last name <\/span><span class=\"required\">*<\/span>\t\t\t\t<\/label>\n\t\t\t    <div class=\"control-input tf_rel\">\n\t\t\t\t    \t\t\t\t\t    <input type=\"text\" name=\"contact-name\" placeholder=\"\" id=\"tb_e6cp303-contact-name\" value=\"\" class=\"form-control\" required>\n\t\t\t\t    \t\t\t\t    \t\t\t    <\/div>\n\t\t<\/div>\n\t    \n\t\t    \t\t    <div class=\"builder-contact-field builder-contact-field-email builder-contact-text-field\">\n\t\t\t    <label class=\"control-label\" for=\"tb_e6cp303-contact-email\">\n\t\t\t\t\t\t\t\t\t\t<span class=\"tb-label-span\">Email <\/span><span class=\"required\">*<\/span>\t\t\t\t<\/label>\n\t\t\t    <div class=\"control-input tf_rel\">\n\t\t\t\t    \t\t\t\t\t    <input type=\"email\" name=\"contact-email\" placeholder=\"\" id=\"tb_e6cp303-contact-email\" value=\"\" class=\"form-control\" required>\n\t\t\t\t    \t\t\t\t    \t\t\t    <\/div>\n\t\t<\/div>\n\t    \n\t\t    \t\t    \t\t    <div class=\"builder-contact-field builder-contact-field-extra builder-contact-text-field builder-contact-tel-field\">\n\t\t\t\t\n\t\t\t\t<label class=\"control-label\" for=\"field_extra_tb_e6cp303_0\">\n\t\t\t\t\t\n\t\t\t\t\tPhone\t\t\t\t\t\t\t\t\t\t\t<input type=\"hidden\" name=\"field_extra_name_0\" value=\"T\u00e9l\u00e9phone\">\n\t\t\t\t\t\t\t\t\t\t\t<span class=\"required\">*<\/span>\n\t\t\t\t\t\t\t\t\t<\/label>\n\t\t\t\t<div class=\"control-input tf_rel\">\n\t\t\t\t\t\t\t\t\t\t\t<input type=\"tel\" name=\"field_extra_0\" id=\"field_extra_tb_e6cp303_0\" placeholder=\"\" class=\"form-control\" required>\n\t\t\t\t\t\n\t\t\t\t\t\t\t\t\t<\/div>\n\t\t    <\/div>\n\t    \n\t\t    \t\t    \t\t    <div class=\"builder-contact-field builder-contact-field-extra builder-contact-checkbox-field\">\n\t\t\t\t\n\t\t\t\t<label class=\"control-label\">\n\t\t\t\t\t\n\t\t\t\t\tSubject\t\t\t\t\t\t\t\t\t\t\t<input type=\"hidden\" name=\"field_extra_name_1\" value=\"Objet\">\n\t\t\t\t\t\t\t\t\t\t\t<span class=\"required\">*<\/span>\n\t\t\t\t\t\t\t\t\t<\/label>\n\t\t\t\t<div class=\"control-input tf_rel\">\n\t\t\t\t\t\t\t\t\t\t\t\t\t\t\t\t\t\t\t\t\t\t\t\t\t\t<label>\n\t\t\t\t\t\t\t\t\t<input type=\"checkbox\" name=\"field_extra_1[]\" value=\"Hypnose\" class=\"form-control\">Hypnosis\t\t\t\t\t\t\t\t<\/label>\n\t\t\t\t\t\t\t\t\t\t\t\t\t\t\t<label>\n\t\t\t\t\t\t\t\t\t<input type=\"checkbox\" name=\"field_extra_1[]\" value=\"Phobie dentaire\" class=\"form-control\">Dental phobia\t\t\t\t\t\t\t\t<\/label>\n\t\t\t\t\t\t\t\t\t\t\t\t\t\t\t<label>\n\t\t\t\t\t\t\t\t\t<input type=\"checkbox\" name=\"field_extra_1[]\" value=\"Coaching sportif\" class=\"form-control\">Sports Coaching\t\t\t\t\t\t\t\t<\/label>\n\t\t\t\t\t\t\t\t\t\t\t\t\t\t\t<label>\n\t\t\t\t\t\t\t\t\t<input type=\"checkbox\" name=\"field_extra_1[]\" value=\"Autres\" class=\"form-control\">Others\t\t\t\t\t\t\t\t<\/label>\n\t\t\t\t\t\t\t\t\t\t\t\t\t\t\t\t\t\t\n\t\t\t\t\t\t\t\t\t<\/div>\n\t\t    <\/div>\n\t    \n\t\t    \t\t    <div class=\"builder-contact-field builder-contact-field-message builder-contact-textarea-field\">\n\t\t\t    <label class=\"control-label\" for=\"tb_e6cp303-contact-message\">\n\t\t\t\t\t\t\t\t\t\t<span class=\"tb-label-span\">Message <\/span>\t\t\t\t<\/label>\n\t\t\t    <div class=\"control-input tf_rel\">\n\t\t\t\t    \t\t\t\t\t    <textarea name=\"contact-message\" placeholder=\"\" id=\"tb_e6cp303-contact-message\" class=\"form-control\"><\/textarea>\n\t\t\t\t    \t\t\t\t    \t\t\t    <\/div>\n\t\t<\/div>\n\t    \n\t\t    \t\t\n\t\t\n\t    \t\t\t<div class=\"builder-contact-field builder-contact-field-captcha\">\n\n\t\t\t\t\t\t\t\t\t<label class=\"control-label\">\n\t\t\t\t\t\t<span>Captcha<\/span>\n\t\t\t\t\t\t<span class=\"required\">*<\/span>\n\t\t\t\t\t<\/label>\n\t\t\t\t\n\t\t\t\t<div class=\"control-input tf_rel\">\n                    <div class=\"themify_captcha_field g-recaptcha\" data-sitekey=\"6LeNtSgcAAAAACUzu4Rehg7r8Q-j7BIVfYsdZsIP\" data-ver=\"v2\"><\/div>\t\t\t\t<\/div>\n\n\t\t\t<\/div><!-- .builder-contact-field-captcha -->\n\t    \n\t    <div class=\"builder-contact-field builder-contact-field-send control-input tf_textl tf_clear tf_rel\">\n\t\t\t<button type=\"submit\" class=\"btn btn-primary\">\n\t\t\t\t<span class=\"tf_loader\"><\/span>\t\t\t\t<span class=\"tf_submit_icon\"><\/span> \n\t\t\t\tSend to\t\t\t<\/button>\n\t    <\/div>\n\t<\/div>\n    <input type=\"hidden\" name=\"trp-form-language\" value=\"en\"\/><\/form>\n    <\/div>\n<!-- \/module contact -->\n        <\/div>\n                        <\/div>\n        <\/div>\n        <\/div>\n<!--\/themify_builder_content-->","protected":false},"excerpt":{"rendered":"<p>Contactez-moi Vous avez des questions ? Vous souhaitez prendre un RDV ? N\u2019h\u00e9sitez pas \u00e7\u00e0 me contacter de 8H00 \u00e0 21H00 tous les jours au 06 16 37 70 47 ou par mail en utilisant le formulaire ci-contre. Vous pouvez \u00e9galement me suivre sur les r\u00e9seaux sociaux : Marine Descols marinedescols &nbsp;&nbsp; lesvoyagesdelesprit &nbsp;&nbsp; Marine [&hellip;]<\/p>\n","protected":false},"author":1,"featured_media":0,"parent":0,"menu_order":0,"comment_status":"closed","ping_status":"closed","template":"","meta":{"_monsterinsights_skip_tracking":false,"_monsterinsights_sitenote_active":false,"_monsterinsights_sitenote_note":"","_monsterinsights_sitenote_category":0,"footnotes":""},"class_list":["post-57","page","type-page","status-publish","hentry","has-post-title","has-post-date","has-post-category","has-post-tag","has-post-comment","has-post-author",""],"yoast_head":"<!-- This site is optimized with the Yoast SEO plugin v27.3 - https:\/\/yoast.com\/product\/yoast-seo-wordpress\/ -->\n<title>CONTACT - Marine Descols<\/title>\n<meta name=\"robots\" content=\"index, follow, max-snippet:-1, max-image-preview:large, max-video-preview:-1\" \/>\n<link rel=\"canonical\" href=\"https:\/\/marinedescols.com\/en\/contact\/\" \/>\n<meta property=\"og:locale\" content=\"en_GB\" \/>\n<meta property=\"og:type\" content=\"article\" \/>\n<meta property=\"og:title\" content=\"CONTACT - Marine Descols\" \/>\n<meta property=\"og:description\" content=\"Contactez-moi Vous avez des questions ? Vous souhaitez prendre un RDV ? N\u2019h\u00e9sitez pas \u00e7\u00e0 me contacter de 8H00 \u00e0 21H00 tous les jours au 06 16 37 70 47 ou par mail en utilisant le formulaire ci-contre. Vous pouvez \u00e9galement me suivre sur les r\u00e9seaux sociaux : Marine Descols marinedescols &nbsp;&nbsp; lesvoyagesdelesprit &nbsp;&nbsp; Marine [&hellip;]\" \/>\n<meta property=\"og:url\" content=\"https:\/\/marinedescols.com\/en\/contact\/\" \/>\n<meta property=\"og:site_name\" content=\"Marine Descols\" \/>\n<meta property=\"article:modified_time\" content=\"2021-08-27T05:45:07+00:00\" \/>\n<meta property=\"og:image\" content=\"https:\/\/marinedescols.com\/wp-content\/plugins\/translatepress-multilingual\/assets\/images\/flags\/en_GB.png\" \/>\n<meta name=\"twitter:card\" content=\"summary_large_image\" \/>\n<script type=\"application\/ld+json\" class=\"yoast-schema-graph\">{\"@context\":\"https:\\\/\\\/schema.org\",\"@graph\":[{\"@type\":\"WebPage\",\"@id\":\"https:\\\/\\\/marinedescols.com\\\/contact\\\/\",\"url\":\"https:\\\/\\\/marinedescols.com\\\/contact\\\/\",\"name\":\"CONTACT - Marine Descols\",\"isPartOf\":{\"@id\":\"https:\\\/\\\/marinedescols.com\\\/#website\"},\"primaryImageOfPage\":{\"@id\":\"https:\\\/\\\/marinedescols.com\\\/contact\\\/#primaryimage\"},\"image\":{\"@id\":\"https:\\\/\\\/marinedescols.com\\\/contact\\\/#primaryimage\"},\"thumbnailUrl\":\"https:\\\/\\\/marinedescols.com\\\/wp-content\\\/plugins\\\/translatepress-multilingual\\\/assets\\\/images\\\/flags\\\/en_GB.png\",\"datePublished\":\"2020-03-04T12:16:03+00:00\",\"dateModified\":\"2021-08-27T05:45:07+00:00\",\"breadcrumb\":{\"@id\":\"https:\\\/\\\/marinedescols.com\\\/contact\\\/#breadcrumb\"},\"inLanguage\":\"en-GB\",\"potentialAction\":[{\"@type\":\"ReadAction\",\"target\":[\"https:\\\/\\\/marinedescols.com\\\/contact\\\/\"]}]},{\"@type\":\"ImageObject\",\"inLanguage\":\"en-GB\",\"@id\":\"https:\\\/\\\/marinedescols.com\\\/contact\\\/#primaryimage\",\"url\":\"https:\\\/\\\/marinedescols.com\\\/wp-content\\\/plugins\\\/translatepress-multilingual\\\/assets\\\/images\\\/flags\\\/en_GB.png\",\"contentUrl\":\"https:\\\/\\\/marinedescols.com\\\/wp-content\\\/plugins\\\/translatepress-multilingual\\\/assets\\\/images\\\/flags\\\/en_GB.png\"},{\"@type\":\"BreadcrumbList\",\"@id\":\"https:\\\/\\\/marinedescols.com\\\/contact\\\/#breadcrumb\",\"itemListElement\":[{\"@type\":\"ListItem\",\"position\":1,\"name\":\"Accueil\",\"item\":\"https:\\\/\\\/marinedescols.com\\\/\"},{\"@type\":\"ListItem\",\"position\":2,\"name\":\"CONTACT\"}]},{\"@type\":\"WebSite\",\"@id\":\"https:\\\/\\\/marinedescols.com\\\/#website\",\"url\":\"https:\\\/\\\/marinedescols.com\\\/\",\"name\":\"Marine Descols\",\"description\":\"Hypnose sur Aix les Bains - Chamb\u00e9ry\",\"potentialAction\":[{\"@type\":\"SearchAction\",\"target\":{\"@type\":\"EntryPoint\",\"urlTemplate\":\"https:\\\/\\\/marinedescols.com\\\/?s={search_term_string}\"},\"query-input\":{\"@type\":\"PropertyValueSpecification\",\"valueRequired\":true,\"valueName\":\"search_term_string\"}}],\"inLanguage\":\"en-GB\"}]}<\/script>\n<!-- \/ Yoast SEO plugin. -->","yoast_head_json":{"title":"CONTACT - Marine Descols","robots":{"index":"index","follow":"follow","max-snippet":"max-snippet:-1","max-image-preview":"max-image-preview:large","max-video-preview":"max-video-preview:-1"},"canonical":"https:\/\/marinedescols.com\/en\/contact\/","og_locale":"en_GB","og_type":"article","og_title":"CONTACT - Marine Descols","og_description":"Contactez-moi Vous avez des questions ? Vous souhaitez prendre un RDV ? N\u2019h\u00e9sitez pas \u00e7\u00e0 me contacter de 8H00 \u00e0 21H00 tous les jours au 06 16 37 70 47 ou par mail en utilisant le formulaire ci-contre. Vous pouvez \u00e9galement me suivre sur les r\u00e9seaux sociaux : Marine Descols marinedescols &nbsp;&nbsp; lesvoyagesdelesprit &nbsp;&nbsp; Marine [&hellip;]","og_url":"https:\/\/marinedescols.com\/en\/contact\/","og_site_name":"Marine Descols","article_modified_time":"2021-08-27T05:45:07+00:00","og_image":[{"url":"https:\/\/marinedescols.com\/wp-content\/plugins\/translatepress-multilingual\/assets\/images\/flags\/en_GB.png","type":"","width":"","height":""}],"twitter_card":"summary_large_image","schema":{"@context":"https:\/\/schema.org","@graph":[{"@type":"WebPage","@id":"https:\/\/marinedescols.com\/contact\/","url":"https:\/\/marinedescols.com\/contact\/","name":"CONTACT - Marine Descols","isPartOf":{"@id":"https:\/\/marinedescols.com\/#website"},"primaryImageOfPage":{"@id":"https:\/\/marinedescols.com\/contact\/#primaryimage"},"image":{"@id":"https:\/\/marinedescols.com\/contact\/#primaryimage"},"thumbnailUrl":"https:\/\/marinedescols.com\/wp-content\/plugins\/translatepress-multilingual\/assets\/images\/flags\/en_GB.png","datePublished":"2020-03-04T12:16:03+00:00","dateModified":"2021-08-27T05:45:07+00:00","breadcrumb":{"@id":"https:\/\/marinedescols.com\/contact\/#breadcrumb"},"inLanguage":"en-GB","potentialAction":[{"@type":"ReadAction","target":["https:\/\/marinedescols.com\/contact\/"]}]},{"@type":"ImageObject","inLanguage":"en-GB","@id":"https:\/\/marinedescols.com\/contact\/#primaryimage","url":"https:\/\/marinedescols.com\/wp-content\/plugins\/translatepress-multilingual\/assets\/images\/flags\/en_GB.png","contentUrl":"https:\/\/marinedescols.com\/wp-content\/plugins\/translatepress-multilingual\/assets\/images\/flags\/en_GB.png"},{"@type":"BreadcrumbList","@id":"https:\/\/marinedescols.com\/contact\/#breadcrumb","itemListElement":[{"@type":"ListItem","position":1,"name":"Accueil","item":"https:\/\/marinedescols.com\/"},{"@type":"ListItem","position":2,"name":"CONTACT"}]},{"@type":"WebSite","@id":"https:\/\/marinedescols.com\/#website","url":"https:\/\/marinedescols.com\/","name":"Marine Descols","description":"Hypnosis on Aix les Bains - Chamb\u00e9ry","potentialAction":[{"@type":"SearchAction","target":{"@type":"EntryPoint","urlTemplate":"https:\/\/marinedescols.com\/?s={search_term_string}"},"query-input":{"@type":"PropertyValueSpecification","valueRequired":true,"valueName":"search_term_string"}}],"inLanguage":"en-GB"}]}},"builder_content":"<h1 style=\"text-align: left;\">Contactez-moi<\/h1>\n<p>Vous avez des questions ? Vous souhaitez prendre un RDV ?<\/p> <p>N\u2019h\u00e9sitez pas \u00e7\u00e0 me contacter de 8H00 \u00e0 21H00 tous les jours au 06 16 37 70 47 ou par mail en utilisant le formulaire ci-contre.<\/p> <p>Vous pouvez \u00e9galement me suivre sur les r\u00e9seaux sociaux :<\/p>\n<a href=\"https:\/\/www.facebook.com\/marinedescols\/\" rel=\"noopener\" target=\"_blank\"> <em ><svg xmlns:xlink=\"http:\/\/www.w3.org\/1999\/xlink\" aria-hidden=\"true\"><use href=\"#tf-fab-facebook-f\" xlink:href=\"#tf-fab-facebook-f\"><\/use><\/svg><\/em> Marine Descols <\/a>\n<a href=\"https:\/\/www.instagram.com\/marinedescols\/?hl=es\" rel=\"noopener\" target=\"_blank\"> <em ><svg xmlns:xlink=\"http:\/\/www.w3.org\/1999\/xlink\" aria-hidden=\"true\"><use href=\"#tf-fab-instagram\" xlink:href=\"#tf-fab-instagram\"><\/use><\/svg><\/em> marinedescols &nbsp;&nbsp;<img src=\"https:\/\/marinedescols.com\/wp-content\/plugins\/translatepress-multilingual\/assets\/images\/flags\/en_GB.png\" style=\"vertical-align: middle\" \/> <\/a>\n<a href=\"https:\/\/www.instagram.com\/marinedescols_fr\/?hl=es\" rel=\"noopener\" target=\"_blank\"> <em ><svg xmlns:xlink=\"http:\/\/www.w3.org\/1999\/xlink\" aria-hidden=\"true\"><use href=\"#tf-fab-instagram\" xlink:href=\"#tf-fab-instagram\"><\/use><\/svg><\/em> lesvoyagesdelesprit &nbsp;&nbsp;<img src=\"https:\/\/marinedescols.com\/wp-content\/plugins\/translatepress-multilingual\/assets\/images\/flags\/fr_FR.png\" style=\"vertical-align: middle\" \/> <\/a>\n<a href=\"https:\/\/www.youtube.com\/channel\/UC76wM2WGR_iz2TyqoabUuWw\" rel=\"noopener\" target=\"_blank\"> <em ><svg xmlns:xlink=\"http:\/\/www.w3.org\/1999\/xlink\" aria-hidden=\"true\"><use href=\"#tf-fab-youtube\" xlink:href=\"#tf-fab-youtube\"><\/use><\/svg><\/em> Marine Descols <\/a>\n<h3>Formulaire de contact (*champs obligatoires)<\/h3> <form id=\"tb_e6cp303-form\" method=\"post\" data-post-id=\"0\" data-element-id=\"e6cp303\" data-orig-id=\"57\" > <input type=\"hidden\" id=\"bc_nonce\" name=\"bc_nonce\" value=\"228dab886a\" \/><input type=\"hidden\" name=\"_wp_http_referer\" value=\"\/en\/wp-json\/wp\/v2\/pages\/57\" \/> <label for=\"tb_e6cp303-contact-name\"> Nom & pr\u00e9nom * <\/label> <input type=\"text\" name=\"contact-name\" placeholder=\"\" id=\"tb_e6cp303-contact-name\" value=\"\" required> <label for=\"tb_e6cp303-contact-email\"> Email * <\/label> <input type=\"email\" name=\"contact-email\" placeholder=\"\" id=\"tb_e6cp303-contact-email\" value=\"\" required> <label for=\"field_extra_tb_e6cp303_0\"> T\u00e9l\u00e9phone <input type=\"hidden\" name=\"field_extra_name_0\" value=\"T\u00e9l\u00e9phone\"> * <\/label> <input type=\"tel\" name=\"field_extra_0\" id=\"field_extra_tb_e6cp303_0\" placeholder=\"\" required> <label> Objet <input type=\"hidden\" name=\"field_extra_name_1\" value=\"Objet\"> * <\/label> <label> <input type=\"checkbox\" name=\"field_extra_1[]\" value=\"Hypnose\">Hypnose <\/label> <label> <input type=\"checkbox\" name=\"field_extra_1[]\" value=\"Phobie dentaire\">Phobie dentaire <\/label> <label> <input type=\"checkbox\" name=\"field_extra_1[]\" value=\"Coaching sportif\">Coaching sportif <\/label> <label> <input type=\"checkbox\" name=\"field_extra_1[]\" value=\"Autres\">Autres <\/label> <label for=\"tb_e6cp303-contact-message\"> Message <\/label> <textarea name=\"contact-message\" placeholder=\"\" id=\"tb_e6cp303-contact-message\"><\/textarea> \n <label> Captcha * <\/label> \n <button type=\"submit\"> Envoyer <\/button> <\/form>","_links":{"self":[{"href":"https:\/\/marinedescols.com\/en\/wp-json\/wp\/v2\/pages\/57","targetHints":{"allow":["GET"]}}],"collection":[{"href":"https:\/\/marinedescols.com\/en\/wp-json\/wp\/v2\/pages"}],"about":[{"href":"https:\/\/marinedescols.com\/en\/wp-json\/wp\/v2\/types\/page"}],"author":[{"embeddable":true,"href":"https:\/\/marinedescols.com\/en\/wp-json\/wp\/v2\/users\/1"}],"replies":[{"embeddable":true,"href":"https:\/\/marinedescols.com\/en\/wp-json\/wp\/v2\/comments?post=57"}],"version-history":[{"count":5,"href":"https:\/\/marinedescols.com\/en\/wp-json\/wp\/v2\/pages\/57\/revisions"}],"predecessor-version":[{"id":611,"href":"https:\/\/marinedescols.com\/en\/wp-json\/wp\/v2\/pages\/57\/revisions\/611"}],"wp:attachment":[{"href":"https:\/\/marinedescols.com\/en\/wp-json\/wp\/v2\/media?parent=57"}],"curies":[{"name":"wp","href":"https:\/\/api.w.org\/{rel}","templated":true}]}}