{"id":55,"date":"2020-03-04T13:15:46","date_gmt":"2020-03-04T12:15:46","guid":{"rendered":"https:\/\/marinedescols.com\/?page_id=55"},"modified":"2020-11-24T12:38:25","modified_gmt":"2020-11-24T11:38:25","slug":"voyages-de-lesprit-blog-hypnose","status":"publish","type":"page","link":"https:\/\/marinedescols.com\/en\/voyages-de-lesprit-blog-hypnose\/","title":{"rendered":"BLOG"},"content":{"rendered":"<p>&nbsp;<\/p>\n<!--themify_builder_content-->\n<div id=\"themify_builder_content-55\" data-postid=\"55\" class=\"themify_builder_content themify_builder_content-55 themify_builder tf_clear\">\n                    <div  data-lazy=\"1\" class=\"module_row themify_builder_row tb_dqcw742 tb_first tf_w\">\n                        <div class=\"row_inner col_align_top tb_col_count_1 tf_box tf_rel\">\n                        <div  data-lazy=\"1\" class=\"module_column tb-column col-full tb_0ww0743 first\">\n                    <!-- module image -->\n<div  class=\"module module-image tb_0mow82 image-top   tf_mw\" data-lazy=\"1\">\n        <div class=\"image-wrap tf_rel tf_mw\">\n            <img loading=\"lazy\" decoding=\"async\" width=\"2474\" height=\"2560\" src=\"https:\/\/marinedescols.com\/wp-content\/uploads\/2020\/11\/hypnose-chambery-1-scaled.jpg\" class=\"wp-post-image wp-image-413\" title=\"hypnosis-chambery-1\" alt=\"open the door to his unconscious\" srcset=\"https:\/\/marinedescols.com\/wp-content\/uploads\/2020\/11\/hypnose-chambery-1-scaled.jpg 2474w, https:\/\/marinedescols.com\/wp-content\/uploads\/2020\/11\/hypnose-chambery-1-290x300.jpg 290w, https:\/\/marinedescols.com\/wp-content\/uploads\/2020\/11\/hypnose-chambery-1-990x1024.jpg 990w, https:\/\/marinedescols.com\/wp-content\/uploads\/2020\/11\/hypnose-chambery-1-768x795.jpg 768w, https:\/\/marinedescols.com\/wp-content\/uploads\/2020\/11\/hypnose-chambery-1-1484x1536.jpg 1484w, https:\/\/marinedescols.com\/wp-content\/uploads\/2020\/11\/hypnose-chambery-1-1979x2048.jpg 1979w, https:\/\/marinedescols.com\/wp-content\/uploads\/2020\/11\/hypnose-chambery-1-12x12.jpg 12w\" sizes=\"auto, (max-width: 2474px) 100vw, 2474px\" \/>    \n        <\/div>\n    <!-- \/image-wrap -->\n    \n        <\/div>\n<!-- \/module image -->        <\/div>\n                        <\/div>\n        <\/div>\n                        <div  data-lazy=\"1\" class=\"module_row themify_builder_row tb_f5f3467 tf_w\">\n                        <div class=\"row_inner col_align_top tb_col_count_1 tf_box tf_rel\">\n                        <div  data-lazy=\"1\" class=\"module_column tb-column col-full tb_saxr468 first\">\n                    <!-- module text -->\n<div  class=\"module module-text tb_rpfn590\" data-lazy=\"1\">\n        <div  class=\"tb_text_wrap\">\n        <h1 style=\"text-align: center;\">\"The Journeys of the Spirit<\/h1><h2>\u00a0<\/h2><h2>Are you hesitating and wondering if hypnosis is for you?<\/h2><h3>Come and discover it through testimonies, sessions, articles or stories!\u00a0<\/h3><p>A blog about hypnosis, which works a bit like a travel diary, where I share a personal experience through stories, illustrations, and audio.<\/p><ul><li>You will find true stories from my practice, which I also have the pleasure of illustrating.<\/li><li>You can listen to free guided meditation or self-hypnosis sessions.<\/li><li>Some articles related to my use of hypnosis in the sports world, with teams such as<a href=\"https:\/\/skyvibration.com\/happy-camp-2020\/\">\u00a0Skyvibration<\/a> or <a href=\"https:\/\/www.satorifactory.net\/post\/never-stop-learning\">Satori Factory<\/a> !<\/li><li>Some videos and articles in project... coming soon!<\/li><\/ul><h2>\u00a0<\/h2><h2 style=\"text-align: center;\">Walking in<\/h2><h2 style=\"text-align: center;\">\"The Journeys of the Spirit<\/h2><h2>\u00a0<\/h2><h3>To find out what you want\u00a0<\/h3><ul><li>\"\u00a0<a href=\"https:\/\/marinedescols.com\/en\/category\/histoire-hypnose\/\">Hypnosis stories<\/a>\u00a0\"For true stories from the practice (which are systematically shared with the person concerned, albeit anonymously).<\/li><li><a href=\"https:\/\/marinedescols.com\/en\/category\/audio\/auto-hypnose\/\">Self-hypnosis<\/a>if you want to think in a modified state of consciousness about a proposed theme.<\/li><li><a href=\"https:\/\/marinedescols.com\/en\/category\/audio\/meditation-guidee\/\">Guided meditation<\/a>if you just want to travel or calm your mind.<\/li><\/ul><p>This blog can become a space for exchange!<br \/>Do not hesitate to send me your email address if you want me to send you an email. <a href=\"https:\/\/marinedescols.com\/en\/contact\/\">subscribe to the newsletter,<\/a> or comment on the content so I can get your feedback too!<\/p>    <\/div>\n<\/div>\n<!-- \/module text -->        <\/div>\n                        <\/div>\n        <\/div>\n        <\/div>\n<!--\/themify_builder_content-->","protected":false},"excerpt":{"rendered":"<p>&nbsp; \u00ab\u00a0Les Voyages de l&rsquo;Esprit\u00a0\u00bb Vous h\u00e9sitez et vous vous demandez si l&rsquo;hypnose vous correspondrait? Venez le d\u00e9couvrir au travers de t\u00e9moignages, de s\u00e9ances, d&rsquo;articles ou d&rsquo;histoires ! Un blog sur l&rsquo;hypnose, qui fonctionne un peu comme un carnet de voyage, o\u00f9 je partage une exp\u00e9rience personnelle au travers de r\u00e9cits, d&rsquo;illustrations, et d&rsquo;audios. Vous [&hellip;]<\/p>\n","protected":false},"author":1,"featured_media":0,"parent":0,"menu_order":0,"comment_status":"closed","ping_status":"closed","template":"","meta":{"_monsterinsights_skip_tracking":false,"_monsterinsights_sitenote_active":false,"_monsterinsights_sitenote_note":"","_monsterinsights_sitenote_category":0,"footnotes":""},"class_list":["post-55","page","type-page","status-publish","hentry","has-post-title","has-post-date","has-post-category","has-post-tag","has-post-comment","has-post-author",""],"yoast_head":"<!-- This site is optimized with the Yoast SEO plugin v27.4 - https:\/\/yoast.com\/product\/yoast-seo-wordpress\/ -->\n<title>LES VOYAGES DE L&#039;ESPRIT, UN BLOG D&#039;HYPNOSE - Marine Descols<\/title>\n<meta name=\"description\" content=\"Un blog qui raconte des histoires vraies, arriv\u00e9es en cabinet lors de s\u00e9ances d&#039;hypnose, et offre des voyages audio pour relaxer l&#039;esprit.\" \/>\n<meta name=\"robots\" content=\"index, follow, max-snippet:-1, max-image-preview:large, max-video-preview:-1\" \/>\n<link rel=\"canonical\" href=\"https:\/\/marinedescols.com\/en\/voyages-de-lesprit-blog-hypnose\/\" \/>\n<meta property=\"og:locale\" content=\"en_GB\" \/>\n<meta property=\"og:type\" content=\"article\" \/>\n<meta property=\"og:title\" content=\"LES VOYAGES DE L&#039;ESPRIT, UN BLOG D&#039;HYPNOSE - Marine Descols\" \/>\n<meta property=\"og:description\" content=\"Un blog qui raconte des histoires vraies, arriv\u00e9es en cabinet lors de s\u00e9ances d&#039;hypnose, et offre des voyages audio pour relaxer l&#039;esprit.\" \/>\n<meta property=\"og:url\" content=\"https:\/\/marinedescols.com\/en\/voyages-de-lesprit-blog-hypnose\/\" \/>\n<meta property=\"og:site_name\" content=\"Marine Descols\" \/>\n<meta property=\"article:modified_time\" content=\"2020-11-24T11:38:25+00:00\" \/>\n<meta property=\"og:image\" content=\"https:\/\/marinedescols.com\/wp-content\/uploads\/2020\/11\/hypnose-chambery-1-scaled.jpg\" \/>\n<meta name=\"twitter:card\" content=\"summary_large_image\" \/>\n<meta name=\"twitter:label1\" content=\"Estimated reading time\" \/>\n\t<meta name=\"twitter:data1\" content=\"1 minute\" \/>\n<script type=\"application\/ld+json\" class=\"yoast-schema-graph\">{\"@context\":\"https:\\\/\\\/schema.org\",\"@graph\":[{\"@type\":\"WebPage\",\"@id\":\"https:\\\/\\\/marinedescols.com\\\/voyages-de-lesprit-blog-hypnose\\\/\",\"url\":\"https:\\\/\\\/marinedescols.com\\\/voyages-de-lesprit-blog-hypnose\\\/\",\"name\":\"LES VOYAGES DE L'ESPRIT, UN BLOG D'HYPNOSE - Marine Descols\",\"isPartOf\":{\"@id\":\"https:\\\/\\\/marinedescols.com\\\/#website\"},\"primaryImageOfPage\":{\"@id\":\"https:\\\/\\\/marinedescols.com\\\/voyages-de-lesprit-blog-hypnose\\\/#primaryimage\"},\"image\":{\"@id\":\"https:\\\/\\\/marinedescols.com\\\/voyages-de-lesprit-blog-hypnose\\\/#primaryimage\"},\"thumbnailUrl\":\"https:\\\/\\\/marinedescols.com\\\/wp-content\\\/uploads\\\/2020\\\/11\\\/hypnose-chambery-1-scaled.jpg\",\"datePublished\":\"2020-03-04T12:15:46+00:00\",\"dateModified\":\"2020-11-24T11:38:25+00:00\",\"description\":\"Un blog qui raconte des histoires vraies, arriv\u00e9es en cabinet lors de s\u00e9ances d'hypnose, et offre des voyages audio pour relaxer l'esprit.\",\"breadcrumb\":{\"@id\":\"https:\\\/\\\/marinedescols.com\\\/voyages-de-lesprit-blog-hypnose\\\/#breadcrumb\"},\"inLanguage\":\"en-GB\",\"potentialAction\":[{\"@type\":\"ReadAction\",\"target\":[\"https:\\\/\\\/marinedescols.com\\\/voyages-de-lesprit-blog-hypnose\\\/\"]}]},{\"@type\":\"ImageObject\",\"inLanguage\":\"en-GB\",\"@id\":\"https:\\\/\\\/marinedescols.com\\\/voyages-de-lesprit-blog-hypnose\\\/#primaryimage\",\"url\":\"https:\\\/\\\/marinedescols.com\\\/wp-content\\\/uploads\\\/2020\\\/11\\\/hypnose-chambery-1-scaled.jpg\",\"contentUrl\":\"https:\\\/\\\/marinedescols.com\\\/wp-content\\\/uploads\\\/2020\\\/11\\\/hypnose-chambery-1-scaled.jpg\"},{\"@type\":\"BreadcrumbList\",\"@id\":\"https:\\\/\\\/marinedescols.com\\\/voyages-de-lesprit-blog-hypnose\\\/#breadcrumb\",\"itemListElement\":[{\"@type\":\"ListItem\",\"position\":1,\"name\":\"Accueil\",\"item\":\"https:\\\/\\\/marinedescols.com\\\/\"},{\"@type\":\"ListItem\",\"position\":2,\"name\":\"BLOG\"}]},{\"@type\":\"WebSite\",\"@id\":\"https:\\\/\\\/marinedescols.com\\\/#website\",\"url\":\"https:\\\/\\\/marinedescols.com\\\/\",\"name\":\"Marine Descols\",\"description\":\"Hypnose sur Aix les Bains - Chamb\u00e9ry\",\"potentialAction\":[{\"@type\":\"SearchAction\",\"target\":{\"@type\":\"EntryPoint\",\"urlTemplate\":\"https:\\\/\\\/marinedescols.com\\\/?s={search_term_string}\"},\"query-input\":{\"@type\":\"PropertyValueSpecification\",\"valueRequired\":true,\"valueName\":\"search_term_string\"}}],\"inLanguage\":\"en-GB\"}]}<\/script>\n<!-- \/ Yoast SEO plugin. -->","yoast_head_json":{"title":"THE JOURNEYS OF THE MIND, A HYPNOSIS BLOG - Marine Descols","description":"A blog that tells true stories that happened in the office during hypnosis sessions, and offers audio journeys to relax the mind.","robots":{"index":"index","follow":"follow","max-snippet":"max-snippet:-1","max-image-preview":"max-image-preview:large","max-video-preview":"max-video-preview:-1"},"canonical":"https:\/\/marinedescols.com\/en\/voyages-de-lesprit-blog-hypnose\/","og_locale":"en_GB","og_type":"article","og_title":"LES VOYAGES DE L'ESPRIT, UN BLOG D'HYPNOSE - Marine Descols","og_description":"Un blog qui raconte des histoires vraies, arriv\u00e9es en cabinet lors de s\u00e9ances d'hypnose, et offre des voyages audio pour relaxer l'esprit.","og_url":"https:\/\/marinedescols.com\/en\/voyages-de-lesprit-blog-hypnose\/","og_site_name":"Marine Descols","article_modified_time":"2020-11-24T11:38:25+00:00","og_image":[{"url":"https:\/\/marinedescols.com\/wp-content\/uploads\/2020\/11\/hypnose-chambery-1-scaled.jpg","type":"","width":"","height":""}],"twitter_card":"summary_large_image","twitter_misc":{"Estimated reading time":"1 minute"},"schema":{"@context":"https:\/\/schema.org","@graph":[{"@type":"WebPage","@id":"https:\/\/marinedescols.com\/voyages-de-lesprit-blog-hypnose\/","url":"https:\/\/marinedescols.com\/voyages-de-lesprit-blog-hypnose\/","name":"THE JOURNEYS OF THE MIND, A HYPNOSIS BLOG - Marine Descols","isPartOf":{"@id":"https:\/\/marinedescols.com\/#website"},"primaryImageOfPage":{"@id":"https:\/\/marinedescols.com\/voyages-de-lesprit-blog-hypnose\/#primaryimage"},"image":{"@id":"https:\/\/marinedescols.com\/voyages-de-lesprit-blog-hypnose\/#primaryimage"},"thumbnailUrl":"https:\/\/marinedescols.com\/wp-content\/uploads\/2020\/11\/hypnose-chambery-1-scaled.jpg","datePublished":"2020-03-04T12:15:46+00:00","dateModified":"2020-11-24T11:38:25+00:00","description":"A blog that tells true stories that happened in the office during hypnosis sessions, and offers audio journeys to relax the mind.","breadcrumb":{"@id":"https:\/\/marinedescols.com\/voyages-de-lesprit-blog-hypnose\/#breadcrumb"},"inLanguage":"en-GB","potentialAction":[{"@type":"ReadAction","target":["https:\/\/marinedescols.com\/voyages-de-lesprit-blog-hypnose\/"]}]},{"@type":"ImageObject","inLanguage":"en-GB","@id":"https:\/\/marinedescols.com\/voyages-de-lesprit-blog-hypnose\/#primaryimage","url":"https:\/\/marinedescols.com\/wp-content\/uploads\/2020\/11\/hypnose-chambery-1-scaled.jpg","contentUrl":"https:\/\/marinedescols.com\/wp-content\/uploads\/2020\/11\/hypnose-chambery-1-scaled.jpg"},{"@type":"BreadcrumbList","@id":"https:\/\/marinedescols.com\/voyages-de-lesprit-blog-hypnose\/#breadcrumb","itemListElement":[{"@type":"ListItem","position":1,"name":"Accueil","item":"https:\/\/marinedescols.com\/"},{"@type":"ListItem","position":2,"name":"BLOG"}]},{"@type":"WebSite","@id":"https:\/\/marinedescols.com\/#website","url":"https:\/\/marinedescols.com\/","name":"Marine Descols","description":"Hypnosis on Aix les Bains - Chamb\u00e9ry","potentialAction":[{"@type":"SearchAction","target":{"@type":"EntryPoint","urlTemplate":"https:\/\/marinedescols.com\/?s={search_term_string}"},"query-input":{"@type":"PropertyValueSpecification","valueRequired":true,"valueName":"search_term_string"}}],"inLanguage":"en-GB"}]}},"builder_content":"<img src=\"https:\/\/marinedescols.com\/wp-content\/uploads\/2020\/11\/hypnose-chambery-1-scaled.jpg\" title=\"hypnose-chambery-1\" alt=\"ouvrir la porte de son inconscient\" srcset=\"https:\/\/marinedescols.com\/wp-content\/uploads\/2020\/11\/hypnose-chambery-1-scaled.jpg 2474w, https:\/\/marinedescols.com\/wp-content\/uploads\/2020\/11\/hypnose-chambery-1-290x300.jpg 290w, https:\/\/marinedescols.com\/wp-content\/uploads\/2020\/11\/hypnose-chambery-1-990x1024.jpg 990w, https:\/\/marinedescols.com\/wp-content\/uploads\/2020\/11\/hypnose-chambery-1-768x795.jpg 768w, https:\/\/marinedescols.com\/wp-content\/uploads\/2020\/11\/hypnose-chambery-1-1484x1536.jpg 1484w, https:\/\/marinedescols.com\/wp-content\/uploads\/2020\/11\/hypnose-chambery-1-1979x2048.jpg 1979w, https:\/\/marinedescols.com\/wp-content\/uploads\/2020\/11\/hypnose-chambery-1-12x12.jpg 12w\" sizes=\"(max-width: 2474px) 100vw, 2474px\" \/>\n<h1 style=\"text-align: center;\">\"Les Voyages de l'Esprit\"<\/h1><h2>\u00a0<\/h2><h2>Vous h\u00e9sitez et vous vous demandez si l'hypnose vous correspondrait?<\/h2><h3>Venez le d\u00e9couvrir au travers de t\u00e9moignages, de s\u00e9ances, d'articles ou d'histoires !\u00a0<\/h3><p>Un blog sur l'hypnose, qui fonctionne un peu comme un carnet de voyage, o\u00f9 je partage une exp\u00e9rience personnelle au travers de r\u00e9cits, d'illustrations, et d'audios.<\/p><ul><li>Vous y trouverez des histoires vraies, v\u00e9cues en cabinet, que j'ai \u00e9galement le plaisir d'illustrer.<\/li><li>Vous pourrez \u00e9couter gratuitement des s\u00e9ances de m\u00e9ditation guid\u00e9e ou d'auto hypnose.<\/li><li>Quelques articles en rapport avec mon utilisation de l'hypnose dans le monde sportif, avec des \u00e9quipes telles que<a href=\"https:\/\/skyvibration.com\/happy-camp-2020\/\">\u00a0Skyvibration<\/a> ou <a href=\"https:\/\/www.satorifactory.net\/post\/never-stop-learning\">Satori Factory<\/a> !<\/li><li>Quelques vid\u00e9os et articles en projet... \u00e0 venir!<\/li><\/ul><h2>\u00a0<\/h2><h2 style=\"text-align: center;\">Se promener dans<\/h2><h2 style=\"text-align: center;\">\"Les Voyages de l'Esprit\"<\/h2><h2>\u00a0<\/h2><h3>Pour savoir ce que vous voulez\u00a0<\/h3><ul><li>\"<a href=\"https:\/\/marinedescols.com\/category\/histoire-hypnose\/\">Histoires d'hypnose<\/a>\" : pour les histoires vraies v\u00e9cues au cabinet (et dont le partage est syst\u00e9matiquement consenti par la personne concern\u00e9e, bien qu'anonyme.)<\/li><li><a href=\"https:\/\/marinedescols.com\/category\/audio\/auto-hypnose\/\">Auto hypnose<\/a>, si vous voulez r\u00e9fl\u00e9chir en \u00e9tat modifi\u00e9 de conscience \u00e0 un th\u00e8me propos\u00e9.<\/li><li><a href=\"https:\/\/marinedescols.com\/category\/audio\/meditation-guidee\/\">M\u00e9ditation guid\u00e9e<\/a>, si vous voulez simplement voyager ou calmer votre esprit.<\/li><\/ul><p>Ce blog peut devenir un espace d'\u00e9change!<br \/>N'h\u00e9sitez pas \u00e0 m'envoyer votre adresse email si vous souhaitez que je vous <a href=\"https:\/\/marinedescols.com\/contact\/\">inscrive \u00e0 la newsletter,<\/a> ou \u00e0 commenter le contenu afin que j'ai aussi votre retour!<\/p>","_links":{"self":[{"href":"https:\/\/marinedescols.com\/en\/wp-json\/wp\/v2\/pages\/55","targetHints":{"allow":["GET"]}}],"collection":[{"href":"https:\/\/marinedescols.com\/en\/wp-json\/wp\/v2\/pages"}],"about":[{"href":"https:\/\/marinedescols.com\/en\/wp-json\/wp\/v2\/types\/page"}],"author":[{"embeddable":true,"href":"https:\/\/marinedescols.com\/en\/wp-json\/wp\/v2\/users\/1"}],"replies":[{"embeddable":true,"href":"https:\/\/marinedescols.com\/en\/wp-json\/wp\/v2\/comments?post=55"}],"version-history":[{"count":5,"href":"https:\/\/marinedescols.com\/en\/wp-json\/wp\/v2\/pages\/55\/revisions"}],"predecessor-version":[{"id":516,"href":"https:\/\/marinedescols.com\/en\/wp-json\/wp\/v2\/pages\/55\/revisions\/516"}],"wp:attachment":[{"href":"https:\/\/marinedescols.com\/en\/wp-json\/wp\/v2\/media?parent=55"}],"curies":[{"name":"wp","href":"https:\/\/api.w.org\/{rel}","templated":true}]}}