{"id":52,"date":"2020-03-04T13:15:29","date_gmt":"2020-03-04T12:15:29","guid":{"rendered":"https:\/\/marinedescols.com\/?page_id=52"},"modified":"2021-03-19T18:30:23","modified_gmt":"2021-03-19T17:30:23","slug":"tarifs","status":"publish","type":"page","link":"https:\/\/marinedescols.com\/en\/tarifs\/","title":{"rendered":"RATES"},"content":{"rendered":"<!--themify_builder_content-->\n<div id=\"themify_builder_content-52\" data-postid=\"52\" class=\"themify_builder_content themify_builder_content-52 themify_builder tf_clear\">\n                    <div  data-css_id=\"rvtm85\" data-lazy=\"1\" class=\"module_row themify_builder_row fullwidth tb_rvtm85 tb_first tf_w\">\n            <span  class=\"builder_row_cover tf_abs\" data-lazy=\"1\"><\/span><span class=\"tb_row_frame_wrap tf_overflow tf_abs\" data-lazy=\"1\"><span class=\"tb_row_frame tb_row_frame_bottom  tf_abs tf_hide tf_overflow tf_w\"><\/span><\/span>            <div class=\"row_inner col_align_top tb_col_count_1 tf_box tf_rel\">\n                        <div  data-lazy=\"1\" class=\"module_column tb-column col-full tb_us1w86 first\">\n                            <\/div>\n                        <\/div>\n        <\/div>\n                        <div  data-lazy=\"1\" class=\"module_row themify_builder_row tb_gk36238 tf_w\">\n                        <div class=\"row_inner col_align_top tb_col_count_1 tf_box tf_rel\">\n                        <div  data-lazy=\"1\" class=\"module_column tb-column col-full tb_2wpy238 first\">\n                    <!-- module text -->\n<div  class=\"module module-text tb_kmb687\" data-lazy=\"1\">\n        <div  class=\"tb_text_wrap\">\n        <h1 style=\"text-align: center;\">Rates\u00a0<\/h1>\n<p style=\"text-align: center;\">The individual session lasts between 1h30 and 2h and costs 75 \u20ac.<span class=\"Apple-converted-space\">\u00a0<\/span><\/p>\n<p style=\"text-align: center;\"><em><strong>Attention ! On June 1st 2021, the session will be charged at 90 euros TTC.\u00a0<\/strong><\/em><\/p>\n<p style=\"text-align: center;\">A session for children (between 5 and 12 years old) lasts about 1 hour and costs 60 \u20ac.<\/p>\n<p style=\"text-align: center;\">For full-day, half-day, company, sports club or group services,\u00a0 \u00a0 \u00a0 \u00a0 \u00a0 \u00a0 \u00a0 \u00a0<\/p>\n<p style=\"text-align: center;\">please consult me directly for a quote.\u00a0<\/p>    <\/div>\n<\/div>\n<!-- \/module text -->        <\/div>\n                        <\/div>\n        <\/div>\n        <\/div>\n<!--\/themify_builder_content-->","protected":false},"excerpt":{"rendered":"<p>Les tarifs\u00a0 La s\u00e9ance individuelle dure entre 1h30 et 2h et co\u00fbte 75 \u20ac.\u00a0 Attention ! Au 1er Juin 2021, la s\u00e9ance\u00a0 passera \u00e0 90 euros TTC.\u00a0 Une s\u00e9ance pour les enfants (entre 5 et 12 ans) dure environ 1h00 et co\u00fbte 60 \u20ac. Pour des prestations \u00e0 la journ\u00e9e, demi-journ\u00e9e, en entreprise, en club [&hellip;]<\/p>\n","protected":false},"author":1,"featured_media":0,"parent":0,"menu_order":0,"comment_status":"closed","ping_status":"closed","template":"","meta":{"_monsterinsights_skip_tracking":false,"_monsterinsights_sitenote_active":false,"_monsterinsights_sitenote_note":"","_monsterinsights_sitenote_category":0,"footnotes":""},"class_list":["post-52","page","type-page","status-publish","hentry","has-post-title","has-post-date","has-post-category","has-post-tag","has-post-comment","has-post-author",""],"yoast_head":"<!-- This site is optimized with the Yoast SEO plugin v27.4 - https:\/\/yoast.com\/product\/yoast-seo-wordpress\/ -->\n<title>TARIFS - Marine Descols<\/title>\n<meta name=\"robots\" content=\"index, follow, max-snippet:-1, max-image-preview:large, max-video-preview:-1\" \/>\n<link rel=\"canonical\" href=\"https:\/\/marinedescols.com\/en\/tarifs\/\" \/>\n<meta property=\"og:locale\" content=\"en_GB\" \/>\n<meta property=\"og:type\" content=\"article\" \/>\n<meta property=\"og:title\" content=\"TARIFS - Marine Descols\" \/>\n<meta property=\"og:description\" content=\"Les tarifs\u00a0 La s\u00e9ance individuelle dure entre 1h30 et 2h et co\u00fbte 75 \u20ac.\u00a0 Attention ! Au 1er Juin 2021, la s\u00e9ance\u00a0 passera \u00e0 90 euros TTC.\u00a0 Une s\u00e9ance pour les enfants (entre 5 et 12 ans) dure environ 1h00 et co\u00fbte 60 \u20ac. Pour des prestations \u00e0 la journ\u00e9e, demi-journ\u00e9e, en entreprise, en club [&hellip;]\" \/>\n<meta property=\"og:url\" content=\"https:\/\/marinedescols.com\/en\/tarifs\/\" \/>\n<meta property=\"og:site_name\" content=\"Marine Descols\" \/>\n<meta property=\"article:modified_time\" content=\"2021-03-19T17:30:23+00:00\" \/>\n<meta name=\"twitter:card\" content=\"summary_large_image\" \/>\n<script type=\"application\/ld+json\" class=\"yoast-schema-graph\">{\"@context\":\"https:\\\/\\\/schema.org\",\"@graph\":[{\"@type\":\"WebPage\",\"@id\":\"https:\\\/\\\/marinedescols.com\\\/tarifs\\\/\",\"url\":\"https:\\\/\\\/marinedescols.com\\\/tarifs\\\/\",\"name\":\"TARIFS - Marine Descols\",\"isPartOf\":{\"@id\":\"https:\\\/\\\/marinedescols.com\\\/#website\"},\"datePublished\":\"2020-03-04T12:15:29+00:00\",\"dateModified\":\"2021-03-19T17:30:23+00:00\",\"breadcrumb\":{\"@id\":\"https:\\\/\\\/marinedescols.com\\\/tarifs\\\/#breadcrumb\"},\"inLanguage\":\"en-GB\",\"potentialAction\":[{\"@type\":\"ReadAction\",\"target\":[\"https:\\\/\\\/marinedescols.com\\\/tarifs\\\/\"]}]},{\"@type\":\"BreadcrumbList\",\"@id\":\"https:\\\/\\\/marinedescols.com\\\/tarifs\\\/#breadcrumb\",\"itemListElement\":[{\"@type\":\"ListItem\",\"position\":1,\"name\":\"Accueil\",\"item\":\"https:\\\/\\\/marinedescols.com\\\/\"},{\"@type\":\"ListItem\",\"position\":2,\"name\":\"TARIFS\"}]},{\"@type\":\"WebSite\",\"@id\":\"https:\\\/\\\/marinedescols.com\\\/#website\",\"url\":\"https:\\\/\\\/marinedescols.com\\\/\",\"name\":\"Marine Descols\",\"description\":\"Hypnose sur Aix les Bains - Chamb\u00e9ry\",\"potentialAction\":[{\"@type\":\"SearchAction\",\"target\":{\"@type\":\"EntryPoint\",\"urlTemplate\":\"https:\\\/\\\/marinedescols.com\\\/?s={search_term_string}\"},\"query-input\":{\"@type\":\"PropertyValueSpecification\",\"valueRequired\":true,\"valueName\":\"search_term_string\"}}],\"inLanguage\":\"en-GB\"}]}<\/script>\n<!-- \/ Yoast SEO plugin. -->","yoast_head_json":{"title":"RATES - Marine Descols","robots":{"index":"index","follow":"follow","max-snippet":"max-snippet:-1","max-image-preview":"max-image-preview:large","max-video-preview":"max-video-preview:-1"},"canonical":"https:\/\/marinedescols.com\/en\/tarifs\/","og_locale":"en_GB","og_type":"article","og_title":"TARIFS - Marine Descols","og_description":"Les tarifs\u00a0 La s\u00e9ance individuelle dure entre 1h30 et 2h et co\u00fbte 75 \u20ac.\u00a0 Attention ! Au 1er Juin 2021, la s\u00e9ance\u00a0 passera \u00e0 90 euros TTC.\u00a0 Une s\u00e9ance pour les enfants (entre 5 et 12 ans) dure environ 1h00 et co\u00fbte 60 \u20ac. Pour des prestations \u00e0 la journ\u00e9e, demi-journ\u00e9e, en entreprise, en club [&hellip;]","og_url":"https:\/\/marinedescols.com\/en\/tarifs\/","og_site_name":"Marine Descols","article_modified_time":"2021-03-19T17:30:23+00:00","twitter_card":"summary_large_image","schema":{"@context":"https:\/\/schema.org","@graph":[{"@type":"WebPage","@id":"https:\/\/marinedescols.com\/tarifs\/","url":"https:\/\/marinedescols.com\/tarifs\/","name":"RATES - Marine Descols","isPartOf":{"@id":"https:\/\/marinedescols.com\/#website"},"datePublished":"2020-03-04T12:15:29+00:00","dateModified":"2021-03-19T17:30:23+00:00","breadcrumb":{"@id":"https:\/\/marinedescols.com\/tarifs\/#breadcrumb"},"inLanguage":"en-GB","potentialAction":[{"@type":"ReadAction","target":["https:\/\/marinedescols.com\/tarifs\/"]}]},{"@type":"BreadcrumbList","@id":"https:\/\/marinedescols.com\/tarifs\/#breadcrumb","itemListElement":[{"@type":"ListItem","position":1,"name":"Accueil","item":"https:\/\/marinedescols.com\/"},{"@type":"ListItem","position":2,"name":"TARIFS"}]},{"@type":"WebSite","@id":"https:\/\/marinedescols.com\/#website","url":"https:\/\/marinedescols.com\/","name":"Marine Descols","description":"Hypnosis on Aix les Bains - Chamb\u00e9ry","potentialAction":[{"@type":"SearchAction","target":{"@type":"EntryPoint","urlTemplate":"https:\/\/marinedescols.com\/?s={search_term_string}"},"query-input":{"@type":"PropertyValueSpecification","valueRequired":true,"valueName":"search_term_string"}}],"inLanguage":"en-GB"}]}},"builder_content":"<h1 style=\"text-align: center;\">Les tarifs\u00a0<\/h1> <p style=\"text-align: center;\">La s\u00e9ance individuelle dure entre 1h30 et 2h et co\u00fbte 75 \u20ac.\u00a0<\/p> <p style=\"text-align: center;\"><em><strong>Attention ! Au 1er Juin 2021, la s\u00e9ance\u00a0 passera \u00e0 90 euros TTC.\u00a0<\/strong><\/em><\/p> <p style=\"text-align: center;\">Une s\u00e9ance pour les enfants (entre 5 et 12 ans) dure environ 1h00 et co\u00fbte 60 \u20ac.<\/p> <p style=\"text-align: center;\">Pour des prestations \u00e0 la journ\u00e9e, demi-journ\u00e9e, en entreprise, en club sportif, ou en groupe,\u00a0 \u00a0 \u00a0 \u00a0 \u00a0 \u00a0 \u00a0 \u00a0<\/p> <p style=\"text-align: center;\">merci de me consulter directement pour obtenir un devis.\u00a0<\/p>","_links":{"self":[{"href":"https:\/\/marinedescols.com\/en\/wp-json\/wp\/v2\/pages\/52","targetHints":{"allow":["GET"]}}],"collection":[{"href":"https:\/\/marinedescols.com\/en\/wp-json\/wp\/v2\/pages"}],"about":[{"href":"https:\/\/marinedescols.com\/en\/wp-json\/wp\/v2\/types\/page"}],"author":[{"embeddable":true,"href":"https:\/\/marinedescols.com\/en\/wp-json\/wp\/v2\/users\/1"}],"replies":[{"embeddable":true,"href":"https:\/\/marinedescols.com\/en\/wp-json\/wp\/v2\/comments?post=52"}],"version-history":[{"count":5,"href":"https:\/\/marinedescols.com\/en\/wp-json\/wp\/v2\/pages\/52\/revisions"}],"predecessor-version":[{"id":603,"href":"https:\/\/marinedescols.com\/en\/wp-json\/wp\/v2\/pages\/52\/revisions\/603"}],"wp:attachment":[{"href":"https:\/\/marinedescols.com\/en\/wp-json\/wp\/v2\/media?parent=52"}],"curies":[{"name":"wp","href":"https:\/\/api.w.org\/{rel}","templated":true}]}}