{"id":50,"date":"2020-03-04T13:15:19","date_gmt":"2020-03-04T12:15:19","guid":{"rendered":"https:\/\/marinedescols.com\/?page_id=50"},"modified":"2020-03-27T10:08:51","modified_gmt":"2020-03-27T09:08:51","slug":"la-preparation-mentale","status":"publish","type":"page","link":"https:\/\/marinedescols.com\/en\/la-preparation-mentale\/","title":{"rendered":"MENTAL PREPARATION"},"content":{"rendered":"<!--themify_builder_content-->\n<div id=\"themify_builder_content-50\" data-postid=\"50\" class=\"themify_builder_content themify_builder_content-50 themify_builder tf_clear\">\n                    <div  data-css_id=\"0vro152\" data-lazy=\"1\" class=\"module_row themify_builder_row fullwidth tb_0vro152 tb_first tf_w\">\n            <span  class=\"builder_row_cover tf_abs\" data-lazy=\"1\"><\/span>            <div class=\"row_inner col_align_top tb_col_count_1 tf_box tf_rel\">\n                        <div  data-lazy=\"1\" class=\"module_column tb-column col-full tb_0saj153 first\">\n                            <div  data-lazy=\"1\" class=\"module_subrow themify_builder_sub_row tf_w col_align_top tb_col_count_1 tb_nfas153\">\n        <span class=\"tb_row_frame_wrap tf_overflow tf_abs\" data-lazy=\"1\"><span class=\"tb_row_frame tb_row_frame_bottom  tf_abs tf_hide tf_overflow tf_w\"><\/span><\/span>        <div  data-lazy=\"1\" class=\"module_column sub_column col-full tb_iiq0154 first\">\n                    <!-- module text -->\n<div  class=\"module module-text tb_odz3154\" data-lazy=\"1\">\n        <div  class=\"tb_text_wrap\">\n        <h1 style=\"text-align: center;\">Mental preparation<\/h1>    <\/div>\n<\/div>\n<!-- \/module text -->        <\/div>\n                    <\/div>\n                <\/div>\n                        <\/div>\n        <\/div>\n                        <div  data-lazy=\"1\" class=\"module_row themify_builder_row tb_tizt843 tf_w\">\n                        <div class=\"row_inner col_align_top tb_col_count_1 tf_box tf_rel\">\n                        <div  data-lazy=\"1\" class=\"module_column tb-column col-full tb_cc78844 first\">\n                            <div  data-lazy=\"1\" class=\"module_subrow themify_builder_sub_row tf_w col_align_top tb_col_count_2 tb_yjxo844\">\n                <div  data-lazy=\"1\" class=\"module_column sub_column col2-1 tb_fou4844 first\">\n                    <!-- module text -->\n<div  class=\"module module-text tb_bi5m845    wow\" data-tf-animation=\"fadeInLeft\" data-lazy=\"1\">\n        <div  class=\"tb_text_wrap\">\n        <h1><b>For whom?\u00a0<\/b><\/h1>\n<h3><b>Sports, business...\u00a0<\/b><\/h3>    <\/div>\n<\/div>\n<!-- \/module text --><!-- module text -->\n<div  class=\"module module-text tb_qued845    wow\" data-tf-animation=\"fadeInLeft\" data-tf-animation_delay=\"0.4\" data-lazy=\"1\">\n        <div  class=\"tb_text_wrap\">\n        <p>The mental coach accompanies a person by helping him\/her to identify his\/her resources, while aiming to optimize the individual's mental potential to help him\/her reach his\/her goal, all this by developing adapted strategies and methods.<span class=\"Apple-converted-space\">\u00a0<\/span><\/p>\n<p>It can therefore be as much a sporting or artistic objective as a professional one....<\/p>\n<ul>\n<li>An athlete may need support, for example, during a specific phase of his journey, to manage stress in the run-up to a competition...<\/li>\n<\/ul>\n<ul>\n<li>A singer may want to find techniques to overcome an audience fear...<\/li>\n<\/ul>\n<ul>\n<li>In the corporate environment, one can be under a lot of mental pressure without having the right tools to relieve it, or have difficulty managing a team in a conflictual context...<\/li>\n<\/ul>\n<p>There are many reasons why we may ask for help to develop appropriate strategies to remove the obstacles we are putting in place without even realizing it...<\/p>\n<p>If you have any questions, please do not hesitate to contact us at <a href=\"https:\/\/marinedescols.com\/index.php\/contact\/\"><strong>contact me<\/strong><\/a> directly.<span class=\"Apple-converted-space\">\u00a0<\/span><\/p>    <\/div>\n<\/div>\n<!-- \/module text -->        <\/div>\n                    <div  data-lazy=\"1\" class=\"module_column sub_column col2-1 tb_14zs846 last\">\n                            <\/div>\n                    <\/div>\n                <\/div>\n                        <\/div>\n        <\/div>\n        <\/div>\n<!--\/themify_builder_content-->","protected":false},"excerpt":{"rendered":"<p>Mental preparation<\/p>","protected":false},"author":1,"featured_media":0,"parent":0,"menu_order":0,"comment_status":"closed","ping_status":"closed","template":"","meta":{"_monsterinsights_skip_tracking":false,"_monsterinsights_sitenote_active":false,"_monsterinsights_sitenote_note":"","_monsterinsights_sitenote_category":0,"footnotes":""},"class_list":["post-50","page","type-page","status-publish","hentry","has-post-title","has-post-date","has-post-category","has-post-tag","has-post-comment","has-post-author",""],"yoast_head":"<!-- This site is optimized with the Yoast SEO plugin v27.3 - https:\/\/yoast.com\/product\/yoast-seo-wordpress\/ -->\n<title>LA PR\u00c9PARATION MENTALE - Marine Descols<\/title>\n<meta name=\"robots\" content=\"index, follow, max-snippet:-1, max-image-preview:large, max-video-preview:-1\" \/>\n<link rel=\"canonical\" href=\"https:\/\/marinedescols.com\/en\/la-preparation-mentale\/\" \/>\n<meta property=\"og:locale\" content=\"en_GB\" \/>\n<meta property=\"og:type\" content=\"article\" \/>\n<meta property=\"og:title\" content=\"LA PR\u00c9PARATION MENTALE - Marine Descols\" \/>\n<meta property=\"og:description\" content=\"La pr\u00e9paration mentale\" \/>\n<meta property=\"og:url\" content=\"https:\/\/marinedescols.com\/en\/la-preparation-mentale\/\" \/>\n<meta property=\"og:site_name\" content=\"Marine Descols\" \/>\n<meta property=\"article:modified_time\" content=\"2020-03-27T09:08:51+00:00\" \/>\n<meta name=\"twitter:card\" content=\"summary_large_image\" \/>\n<script type=\"application\/ld+json\" class=\"yoast-schema-graph\">{\"@context\":\"https:\\\/\\\/schema.org\",\"@graph\":[{\"@type\":\"WebPage\",\"@id\":\"https:\\\/\\\/marinedescols.com\\\/la-preparation-mentale\\\/\",\"url\":\"https:\\\/\\\/marinedescols.com\\\/la-preparation-mentale\\\/\",\"name\":\"LA PR\u00c9PARATION MENTALE - Marine Descols\",\"isPartOf\":{\"@id\":\"https:\\\/\\\/marinedescols.com\\\/#website\"},\"datePublished\":\"2020-03-04T12:15:19+00:00\",\"dateModified\":\"2020-03-27T09:08:51+00:00\",\"breadcrumb\":{\"@id\":\"https:\\\/\\\/marinedescols.com\\\/la-preparation-mentale\\\/#breadcrumb\"},\"inLanguage\":\"en-GB\",\"potentialAction\":[{\"@type\":\"ReadAction\",\"target\":[\"https:\\\/\\\/marinedescols.com\\\/la-preparation-mentale\\\/\"]}]},{\"@type\":\"BreadcrumbList\",\"@id\":\"https:\\\/\\\/marinedescols.com\\\/la-preparation-mentale\\\/#breadcrumb\",\"itemListElement\":[{\"@type\":\"ListItem\",\"position\":1,\"name\":\"Accueil\",\"item\":\"https:\\\/\\\/marinedescols.com\\\/\"},{\"@type\":\"ListItem\",\"position\":2,\"name\":\"LA PR\u00c9PARATION MENTALE\"}]},{\"@type\":\"WebSite\",\"@id\":\"https:\\\/\\\/marinedescols.com\\\/#website\",\"url\":\"https:\\\/\\\/marinedescols.com\\\/\",\"name\":\"Marine Descols\",\"description\":\"Hypnose sur Aix les Bains - Chamb\u00e9ry\",\"potentialAction\":[{\"@type\":\"SearchAction\",\"target\":{\"@type\":\"EntryPoint\",\"urlTemplate\":\"https:\\\/\\\/marinedescols.com\\\/?s={search_term_string}\"},\"query-input\":{\"@type\":\"PropertyValueSpecification\",\"valueRequired\":true,\"valueName\":\"search_term_string\"}}],\"inLanguage\":\"en-GB\"}]}<\/script>\n<!-- \/ Yoast SEO plugin. -->","yoast_head_json":{"title":"MENTAL PREPARATION - Marine Descols","robots":{"index":"index","follow":"follow","max-snippet":"max-snippet:-1","max-image-preview":"max-image-preview:large","max-video-preview":"max-video-preview:-1"},"canonical":"https:\/\/marinedescols.com\/en\/la-preparation-mentale\/","og_locale":"en_GB","og_type":"article","og_title":"LA PR\u00c9PARATION MENTALE - Marine Descols","og_description":"La pr\u00e9paration mentale","og_url":"https:\/\/marinedescols.com\/en\/la-preparation-mentale\/","og_site_name":"Marine Descols","article_modified_time":"2020-03-27T09:08:51+00:00","twitter_card":"summary_large_image","schema":{"@context":"https:\/\/schema.org","@graph":[{"@type":"WebPage","@id":"https:\/\/marinedescols.com\/la-preparation-mentale\/","url":"https:\/\/marinedescols.com\/la-preparation-mentale\/","name":"MENTAL PREPARATION - Marine Descols","isPartOf":{"@id":"https:\/\/marinedescols.com\/#website"},"datePublished":"2020-03-04T12:15:19+00:00","dateModified":"2020-03-27T09:08:51+00:00","breadcrumb":{"@id":"https:\/\/marinedescols.com\/la-preparation-mentale\/#breadcrumb"},"inLanguage":"en-GB","potentialAction":[{"@type":"ReadAction","target":["https:\/\/marinedescols.com\/la-preparation-mentale\/"]}]},{"@type":"BreadcrumbList","@id":"https:\/\/marinedescols.com\/la-preparation-mentale\/#breadcrumb","itemListElement":[{"@type":"ListItem","position":1,"name":"Accueil","item":"https:\/\/marinedescols.com\/"},{"@type":"ListItem","position":2,"name":"LA PR\u00c9PARATION MENTALE"}]},{"@type":"WebSite","@id":"https:\/\/marinedescols.com\/#website","url":"https:\/\/marinedescols.com\/","name":"Marine Descols","description":"Hypnosis on Aix les Bains - Chamb\u00e9ry","potentialAction":[{"@type":"SearchAction","target":{"@type":"EntryPoint","urlTemplate":"https:\/\/marinedescols.com\/?s={search_term_string}"},"query-input":{"@type":"PropertyValueSpecification","valueRequired":true,"valueName":"search_term_string"}}],"inLanguage":"en-GB"}]}},"builder_content":"<h1 style=\"text-align: center;\">La pr\u00e9paration mentale<\/h1>\n<h1><b>Pour qui ?\u00a0<\/b><\/h1> <h3><b>Sportifs, entreprises..\u00a0<\/b><\/h3>\n<p>Le pr\u00e9parateur mental accompagne une personne en l\u2019aidant \u00e0 identifier ses ressources, tout en visant \u00e0 optimiser le potentiel mental de l\u2019individu pour l\u2019aider \u00e0 atteindre son objectif, tout cela en mettant au point des strat\u00e9gies et m\u00e9thodes adapt\u00e9es.\u00a0<\/p> <p>Il peut donc tout autant s\u2019agir d\u2019un objectif sportif ou artistique que professionnel\u2026.<\/p> <ul> <li>Un sportif peut avoir besoin d\u2019accompagnement par exemple, lors d\u2019une phase pr\u00e9cise de son parcours, pour g\u00e9rer du stress \u00e0 l\u2019approche d\u2019une comp\u00e9tition\u2026<\/li> <\/ul> <ul> <li>Un chanteur peut avoir envie de trouver des techniques pour vaincre une peur du public\u2026<\/li> <\/ul> <ul> <li>Dans le milieu de l\u2019entreprise, on peut avoir une grosse pression mentale sans avoir les outils ad\u00e9quats pour s\u2019en soulager, ou avoir des difficult\u00e9s \u00e0 g\u00e9rer une \u00e9quipe dans un contexte conflictuel..<\/li> <\/ul> <p>De multiples raisons peuvent nous pousser \u00e0 demander de l\u2019aide afin de mettre au point des strat\u00e9gies ad\u00e9quates qui visent \u00e0 enlever les freins que nous nous posons sans m\u00eame nous en rendre compte\u2026<\/p> <p>En cas de questions, n\u2019h\u00e9sitez pas \u00e0 <a href=\"https:\/\/marinedescols.com\/index.php\/contact\/\"><strong>me contacter<\/strong><\/a> directement.\u00a0<\/p>","_links":{"self":[{"href":"https:\/\/marinedescols.com\/en\/wp-json\/wp\/v2\/pages\/50","targetHints":{"allow":["GET"]}}],"collection":[{"href":"https:\/\/marinedescols.com\/en\/wp-json\/wp\/v2\/pages"}],"about":[{"href":"https:\/\/marinedescols.com\/en\/wp-json\/wp\/v2\/types\/page"}],"author":[{"embeddable":true,"href":"https:\/\/marinedescols.com\/en\/wp-json\/wp\/v2\/users\/1"}],"replies":[{"embeddable":true,"href":"https:\/\/marinedescols.com\/en\/wp-json\/wp\/v2\/comments?post=50"}],"version-history":[{"count":5,"href":"https:\/\/marinedescols.com\/en\/wp-json\/wp\/v2\/pages\/50\/revisions"}],"predecessor-version":[{"id":278,"href":"https:\/\/marinedescols.com\/en\/wp-json\/wp\/v2\/pages\/50\/revisions\/278"}],"wp:attachment":[{"href":"https:\/\/marinedescols.com\/en\/wp-json\/wp\/v2\/media?parent=50"}],"curies":[{"name":"wp","href":"https:\/\/api.w.org\/{rel}","templated":true}]}}