{"id":45,"date":"2020-03-04T13:14:44","date_gmt":"2020-03-04T12:14:44","guid":{"rendered":"https:\/\/marinedescols.com\/?page_id=45"},"modified":"2020-11-25T00:03:43","modified_gmt":"2020-11-24T23:03:43","slug":"cabinet-dhypnose-chambery-accessible-voiture-barberaz","status":"publish","type":"page","link":"https:\/\/marinedescols.com\/en\/cabinet-dhypnose-chambery-accessible-voiture-barberaz\/","title":{"rendered":"THE CABINET"},"content":{"rendered":"<!--themify_builder_content-->\n<div id=\"themify_builder_content-45\" data-postid=\"45\" class=\"themify_builder_content themify_builder_content-45 themify_builder tf_clear\">\n                    <div  data-css_id=\"7bi62\" data-lazy=\"1\" class=\"module_row themify_builder_row fullwidth tb_7bi62 tb_first tf_w\">\n            <span  class=\"builder_row_cover tf_abs\" data-lazy=\"1\"><\/span>            <div class=\"row_inner col_align_top tb_col_count_1 tf_box tf_rel\">\n                        <div  data-lazy=\"1\" class=\"module_column tb-column col-full tb_a7pi3 first\">\n                            <div  data-lazy=\"1\" class=\"module_subrow themify_builder_sub_row tf_w col_align_top tb_col_count_1 tb_caiu3\">\n        <span class=\"tb_row_frame_wrap tf_overflow tf_abs\" data-lazy=\"1\"><span class=\"tb_row_frame tb_row_frame_bottom  tf_abs tf_hide tf_overflow tf_w\"><\/span><\/span>        <div  data-lazy=\"1\" class=\"module_column sub_column col-full tb_p7yk4 first\">\n                    <!-- module text -->\n<div  class=\"module module-text tb_uhqp4\" data-lazy=\"1\">\n        <div  class=\"tb_text_wrap\">\n        <h1 style=\"text-align: center;\">Marine Descols Hypnosis\u00a0\u00a0<\/h1>\n<h3 style=\"text-align: center;\">A hypnosis coaching practice<\/h3>\n<h3 style=\"text-align: center;\">Easy and free parking,<\/h3>\n<h3 style=\"text-align: center;\">5 minutes by car from Chamb\u00e9ry or La Ravoire<\/h3>\n<h3 style=\"text-align: center;\">and less than 20 minutes from Aix les Bains<\/h3>    <\/div>\n<\/div>\n<!-- \/module text -->        <\/div>\n                    <\/div>\n                <\/div>\n                        <\/div>\n        <\/div>\n                        <div  data-lazy=\"1\" class=\"module_row themify_builder_row tb_6fde736 tf_w\">\n                        <div class=\"row_inner col_align_top tb_col_count_2 tf_box tf_rel\">\n                        <div  data-lazy=\"1\" class=\"module_column tb-column col2-1 tb_j9ni737 first\">\n                    <!-- module text -->\n<div  class=\"module module-text tb_ewbr188    wow\" data-tf-animation=\"fadeInLeft\" data-lazy=\"1\">\n        <div  class=\"tb_text_wrap\">\n        <h1>The hypnosis practice<\/h1>    <\/div>\n<\/div>\n<!-- \/module text --><!-- module text -->\n<div  class=\"module module-text tb_zsbf923    wow\" data-tf-animation=\"fadeInLeft\" data-tf-animation_delay=\"0.4\" data-lazy=\"1\">\n        <div  class=\"tb_text_wrap\">\n        <p><strong>Address of the firm\u00a0<br \/><br \/>On the 4th floor, to PMR standards<\/strong><\/p>\n<p>66 route d'Apremont<span class=\"Apple-converted-space\">\u00a0,\u00a0<\/span>73000 Barberaz<\/p>    <\/div>\n<\/div>\n<!-- \/module text --><!-- module buttons -->\n<div  class=\"module module-buttons tb_sc0r142 buttons-horizontal solid  circle\" data-lazy=\"1\">\n        <div class=\"module-buttons-item tf_in_flx\">\n                        <a href=\"https:\/\/www.google.fr\/maps\/place\/72+Route+d&#039;Apremont,+73000+Barberaz\/@45.5629343,5.9437955,17z\/data=!3m1!4b1!4m5!3m4!1s0x478ba8d9167b8265:0x5c813b1e9537fc31!8m2!3d45.5629306!4d5.9459895\" class=\"ui builder_button tf_in_flx tb_default_color\" >\n                                    <em><svg  class=\"tf_fa tf-fas-map-marker-alt\" xmlns:xlink=\"http:\/\/www.w3.org\/1999\/xlink\" aria-hidden=\"true\"><use href=\"#tf-fas-map-marker-alt\" xlink:href=\"#tf-fas-map-marker-alt\"><\/use><\/svg><\/em>                                        Locate the firm on Google Maps                                        <\/a>\n                <\/div>\n            <\/div>\n<!-- \/module buttons -->\n        <\/div>\n                    <div  data-lazy=\"1\" class=\"module_column tb-column col2-1 tb_1twy738 last\">\n                            <\/div>\n                        <\/div>\n        <\/div>\n                        <div  data-lazy=\"1\" class=\"module_row themify_builder_row tb_23cz610 tf_w\">\n                        <div class=\"row_inner col_align_top tb_col_count_2 tf_box tf_rel\">\n                        <div  data-lazy=\"1\" class=\"module_column tb-column col2-1 tb_ilbp611 first\">\n                            <\/div>\n                    <div  data-lazy=\"1\" class=\"module_column tb-column col2-1 tb_q2sz612 last\">\n                    <!-- module text -->\n<div  class=\"module module-text tb_fovz612    wow\" data-tf-animation=\"fadeInRight\" data-lazy=\"1\">\n        <div  class=\"tb_text_wrap\">\n            <\/div>\n<\/div>\n<!-- \/module text --><!-- module text -->\n<div  class=\"module module-text tb_mqf0612    wow\" data-tf-animation=\"fadeInRight\" data-tf-animation_delay=\"0.4\" data-lazy=\"1\">\n        <div  class=\"tb_text_wrap\">\n            <\/div>\n<\/div>\n<!-- \/module text -->        <\/div>\n                        <\/div>\n        <\/div>\n                        <div  data-lazy=\"1\" class=\"module_row themify_builder_row tb_uv8s168 tf_w\">\n                        <div class=\"row_inner col_align_top tb_col_count_1 tf_box tf_rel\">\n                        <div  data-lazy=\"1\" class=\"module_column tb-column col-full tb_0eth168 first\">\n                    <div  class=\"module themify_builder_slider_wrap tf_clearfix module-testimonial-slider tb_9qzu346  image-top   wow\" data-tf-animation=\"fadeInUp\" data-tf-animation_delay=\"0.2\" data-lazy=\"1\">\n        <div class=\"themify_builder_slider tf_carousel tf_swiper-container tf_rel tf_overflow\" data-lazy=\"1\"        data-visible=\"1\"\n        data-tab-visible=\"0\"\n        data-mob-visible=\"0\"\n        data-scroll=\"1\"\n                            data-auto=\"6000\"\n            data-controller=\"0\"\n            data-pause_hover=\"1\"\n                data-speed=\"normal\"\n        data-wrapvar=\"1\"\n        data-slider_nav=\"0\"\n        data-pager=\"1\"\n        data-effect=\"crossfade\" \n        data-height=\"variable\"\n        data-css_url=\"https:\/\/marinedescols.com\/wp-content\/themes\/themify-ultra\/themify\/themify-builder\/css\/modules\/sliders\/carousel,https:\/\/marinedescols.com\/wp-content\/themes\/themify-ultra\/themify\/themify-builder\/css\/modules\/sliders\/testimonial-slider\"\n                    >\n        <div class=\"tf_swiper-wrapper tf_lazy tf_rel tf_w tf_h tf_textc\">\n                <div class=\"post tf_swiper-slide\">            <div class=\"testimonial-item\">\n                                <div class=\"testimonial-content\">\n                                            <h3 class=\"testimonial-title\">Laura D<\/h3>\n                                                                                    <div class=\"testimonial-entry-content\">\n                            <p style=\"text-align: center;\">Before, when there was a conflict situation with my father, my voice would tremble, I would try to justify myself, it would always end in tears.<br \/>Today I answered with an aplomb I didn't think I had.\u00a0<\/p>\n<p style=\"text-align: center;\">Then I realised that the guilt had left me.<\/p>                        <\/div>\n                                        \n                                            <div class=\"testimonial-author\">\n                                                            <div class=\"person-name\">Humanistic Hypnosis<\/div>\n                                                                                                                    <div class=\"person-company\">\n                                                                            <a href=\"https:\/\/marinedescols.com\/en\/lhypnose\/\">Family conflict <\/a>\n                                                                    <\/div>\n                                                    <\/div>\n                                    <\/div>\n            <\/div>\n        <\/div><!-- .post -->            <div class=\"post tf_swiper-slide\" style=\"content-visibility:hidden\">            <div class=\"testimonial-item\">\n                                <div class=\"testimonial-content\">\n                                            <h3 class=\"testimonial-title\">Marina C<\/h3>\n                                                                                    <div class=\"testimonial-entry-content\">\n                            <p>Hello.<br \/>2 months without a cigarette and everything without a drop of sweat.<br \/>A big thank you for these two months!<\/p>                        <\/div>\n                                        \n                                            <div class=\"testimonial-author\">\n                                                            <div class=\"person-name\">Eriksonian Hypnosis<\/div>\n                                                                                                                    <div class=\"person-company\">\n                                                                            <a href=\"https:\/\/marinedescols.com\/en\/lhypnose\/\">Smoking cessation<\/a>\n                                                                    <\/div>\n                                                    <\/div>\n                                    <\/div>\n            <\/div>\n        <\/div><!-- .post -->            <div class=\"post tf_swiper-slide\" style=\"content-visibility:hidden\">            <div class=\"testimonial-item\">\n                                <div class=\"testimonial-content\">\n                                            <h3 class=\"testimonial-title\">Laura M<\/h3>\n                                                                                    <div class=\"testimonial-entry-content\">\n                            <p>Just a quick note to thank you for this session that changed my life so much! With time I noticed a lot of changes, I saw myself reacting (or not) to certain situations differently...whereas at the time I was only aware of this strong appeasement that I felt.<\/p>                        <\/div>\n                                        \n                                            <div class=\"testimonial-author\">\n                                                            <div class=\"person-name\">Eriksonian Hypnosis<\/div>\n                                                                                                                    <div class=\"person-company\">\n                                                                            <a href=\"https:\/\/marinedescols.com\/en\/lhypnose\/\">self-confidence<\/a>\n                                                                    <\/div>\n                                                    <\/div>\n                                    <\/div>\n            <\/div>\n        <\/div><!-- .post -->            <div class=\"post tf_swiper-slide\" style=\"content-visibility:hidden\">            <div class=\"testimonial-item\">\n                                <div class=\"testimonial-content\">\n                                            <h3 class=\"testimonial-title\">Aur\u00e9lie M.<\/h3>\n                                                                                    <div class=\"testimonial-entry-content\">\n                            <p>After only 2 sessions, I am no longer afraid of spiders, a real relief for me! Thank you Marine \ud83d\ude42<\/p>                        <\/div>\n                                        \n                                            <div class=\"testimonial-author\">\n                                                            <div class=\"person-name\">Eriksonian Hypnosis<\/div>\n                                                                                                                    <div class=\"person-company\">\n                                                                            <a href=\"https:\/\/marinedescols.com\/en\/lhypnose\/\">Phobia<\/a>\n                                                                    <\/div>\n                                                    <\/div>\n                                    <\/div>\n            <\/div>\n        <\/div><!-- .post -->            <div class=\"post tf_swiper-slide\" style=\"content-visibility:hidden\">            <div class=\"testimonial-item\">\n                                <div class=\"testimonial-content\">\n                                            <h3 class=\"testimonial-title\">Mickael G<\/h3>\n                                                                                    <div class=\"testimonial-entry-content\">\n                            <p>The hypnotic trance is a state of consciousness that has been an extraordinary experience for me, where my emotions literally burst forth!\u00a0<\/p>                        <\/div>\n                                        \n                                            <div class=\"testimonial-author\">\n                                                            <div class=\"person-name\">Eriksonian Hypnosis<\/div>\n                                                                                                                    <div class=\"person-company\">\n                                                                            <a href=\"https:\/\/marinedescols.com\/en\/lhypnose\/\">traumatisme de l&#039;enfance<\/a>\n                                                                    <\/div>\n                                                    <\/div>\n                                    <\/div>\n            <\/div>\n        <\/div><!-- .post -->            <div class=\"post tf_swiper-slide\" style=\"content-visibility:hidden\">            <div class=\"testimonial-item\">\n                                <div class=\"testimonial-content\">\n                                            <h3 class=\"testimonial-title\">Mickael G<\/h3>\n                                                                                    <div class=\"testimonial-entry-content\">\n                            <p>I learned a lot about myself during these 2 sessions. They healed deep wounds that had haunted me since childhood! It was really powerful and enriching! Thank you\u00a0<\/p>                        <\/div>\n                                        \n                                            <div class=\"testimonial-author\">\n                                                            <div class=\"person-name\">Eriksonian Hypnosis<\/div>\n                                                                                                                    <div class=\"person-company\">\n                                                                            <a href=\"https:\/\/marinedescols.com\/en\/lhypnose\/\">traumatisme de l&#039;enfance<\/a>\n                                                                    <\/div>\n                                                    <\/div>\n                                    <\/div>\n            <\/div>\n        <\/div><!-- .post -->                <\/div>\n    <\/div>\n<\/div>\n        <\/div>\n                        <\/div>\n        <\/div>\n        <\/div>\n<!--\/themify_builder_content-->","protected":false},"excerpt":{"rendered":"<p>Marine Descols Hypnose\u00a0\u00a0 Un cabinet de coaching par l&rsquo;hypnose Parking facile et gratuit, \u00e0 5 minutes en voiture de Chamb\u00e9ry ou de La Ravoire et moins de 20 minutes d&rsquo;Aix les Bains Le cabinet d&rsquo;hypnose Adresse du cabinet\u00a0 Au 4e \u00e9tage, aux normes PMR 66 route d\u2019Apremont\u00a0,\u00a073000 Barberaz Localiser le cabinet sur Google Maps Laura [&hellip;]<\/p>\n","protected":false},"author":1,"featured_media":0,"parent":0,"menu_order":0,"comment_status":"closed","ping_status":"closed","template":"","meta":{"_monsterinsights_skip_tracking":false,"_monsterinsights_sitenote_active":false,"_monsterinsights_sitenote_note":"","_monsterinsights_sitenote_category":0,"footnotes":""},"class_list":["post-45","page","type-page","status-publish","hentry","has-post-title","has-post-date","has-post-category","has-post-tag","has-post-comment","has-post-author",""],"yoast_head":"<!-- This site is optimized with the Yoast SEO plugin v27.3 - https:\/\/yoast.com\/product\/yoast-seo-wordpress\/ -->\n<title>LE CABINET - Marine Descols, cabinet d&#039;hypnose \u00e0 Barberaz, Chamb\u00e9ry<\/title>\n<meta name=\"description\" content=\"Un cabinet d&#039;hypnose facilement accessible en voiture, \u00e0 Barberaz, proche de Chamb\u00e9ry, o\u00f9 vous serez accueillis et \u00e9cout\u00e9s sans jugement\" \/>\n<meta name=\"robots\" content=\"index, follow, max-snippet:-1, max-image-preview:large, max-video-preview:-1\" \/>\n<link rel=\"canonical\" href=\"https:\/\/marinedescols.com\/en\/cabinet-dhypnose-chambery-accessible-voiture-barberaz\/\" \/>\n<meta property=\"og:locale\" content=\"en_GB\" \/>\n<meta property=\"og:type\" content=\"article\" \/>\n<meta property=\"og:title\" content=\"LE CABINET - Marine Descols, cabinet d&#039;hypnose \u00e0 Barberaz, Chamb\u00e9ry\" \/>\n<meta property=\"og:description\" content=\"Un cabinet d&#039;hypnose facilement accessible en voiture, \u00e0 Barberaz, proche de Chamb\u00e9ry, o\u00f9 vous serez accueillis et \u00e9cout\u00e9s sans jugement\" \/>\n<meta property=\"og:url\" content=\"https:\/\/marinedescols.com\/en\/cabinet-dhypnose-chambery-accessible-voiture-barberaz\/\" \/>\n<meta property=\"og:site_name\" content=\"Marine Descols\" \/>\n<meta property=\"article:modified_time\" content=\"2020-11-24T23:03:43+00:00\" \/>\n<meta name=\"twitter:card\" content=\"summary_large_image\" \/>\n<meta name=\"twitter:label1\" content=\"Estimated reading time\" \/>\n\t<meta name=\"twitter:data1\" content=\"1 minute\" \/>\n<script type=\"application\/ld+json\" class=\"yoast-schema-graph\">{\"@context\":\"https:\\\/\\\/schema.org\",\"@graph\":[{\"@type\":\"WebPage\",\"@id\":\"https:\\\/\\\/marinedescols.com\\\/en\\\/cabinet-dhypnose-chambery-accessible-voiture-barberaz\\\/\",\"url\":\"https:\\\/\\\/marinedescols.com\\\/en\\\/cabinet-dhypnose-chambery-accessible-voiture-barberaz\\\/\",\"name\":\"LE CABINET - Marine Descols, cabinet d'hypnose \u00e0 Barberaz, Chamb\u00e9ry\",\"isPartOf\":{\"@id\":\"https:\\\/\\\/marinedescols.com\\\/#website\"},\"datePublished\":\"2020-03-04T12:14:44+00:00\",\"dateModified\":\"2020-11-24T23:03:43+00:00\",\"description\":\"Un cabinet d'hypnose facilement accessible en voiture, \u00e0 Barberaz, proche de Chamb\u00e9ry, o\u00f9 vous serez accueillis et \u00e9cout\u00e9s sans jugement\",\"breadcrumb\":{\"@id\":\"https:\\\/\\\/marinedescols.com\\\/en\\\/cabinet-dhypnose-chambery-accessible-voiture-barberaz\\\/#breadcrumb\"},\"inLanguage\":\"en-GB\",\"potentialAction\":[{\"@type\":\"ReadAction\",\"target\":[\"https:\\\/\\\/marinedescols.com\\\/en\\\/cabinet-dhypnose-chambery-accessible-voiture-barberaz\\\/\"]}]},{\"@type\":\"BreadcrumbList\",\"@id\":\"https:\\\/\\\/marinedescols.com\\\/en\\\/cabinet-dhypnose-chambery-accessible-voiture-barberaz\\\/#breadcrumb\",\"itemListElement\":[{\"@type\":\"ListItem\",\"position\":1,\"name\":\"Accueil\",\"item\":\"https:\\\/\\\/marinedescols.com\\\/\"},{\"@type\":\"ListItem\",\"position\":2,\"name\":\"LE CABINET\"}]},{\"@type\":\"WebSite\",\"@id\":\"https:\\\/\\\/marinedescols.com\\\/#website\",\"url\":\"https:\\\/\\\/marinedescols.com\\\/\",\"name\":\"Marine Descols\",\"description\":\"Hypnose sur Aix les Bains - Chamb\u00e9ry\",\"potentialAction\":[{\"@type\":\"SearchAction\",\"target\":{\"@type\":\"EntryPoint\",\"urlTemplate\":\"https:\\\/\\\/marinedescols.com\\\/?s={search_term_string}\"},\"query-input\":{\"@type\":\"PropertyValueSpecification\",\"valueRequired\":true,\"valueName\":\"search_term_string\"}}],\"inLanguage\":\"en-GB\"}]}<\/script>\n<!-- \/ Yoast SEO plugin. -->","yoast_head_json":{"title":"THE CABINET - Marine Descols, hypnosis practice in Barberaz, Chamb\u00e9ry","description":"A hypnosis practice easily accessible by car, in Barberaz, near Chamb\u00e9ry, where you will be welcomed and listened to without judgment","robots":{"index":"index","follow":"follow","max-snippet":"max-snippet:-1","max-image-preview":"max-image-preview:large","max-video-preview":"max-video-preview:-1"},"canonical":"https:\/\/marinedescols.com\/en\/cabinet-dhypnose-chambery-accessible-voiture-barberaz\/","og_locale":"en_GB","og_type":"article","og_title":"LE CABINET - Marine Descols, cabinet d'hypnose \u00e0 Barberaz, Chamb\u00e9ry","og_description":"Un cabinet d'hypnose facilement accessible en voiture, \u00e0 Barberaz, proche de Chamb\u00e9ry, o\u00f9 vous serez accueillis et \u00e9cout\u00e9s sans jugement","og_url":"https:\/\/marinedescols.com\/en\/cabinet-dhypnose-chambery-accessible-voiture-barberaz\/","og_site_name":"Marine Descols","article_modified_time":"2020-11-24T23:03:43+00:00","twitter_card":"summary_large_image","twitter_misc":{"Estimated reading time":"1 minute"},"schema":{"@context":"https:\/\/schema.org","@graph":[{"@type":"WebPage","@id":"https:\/\/marinedescols.com\/en\/cabinet-dhypnose-chambery-accessible-voiture-barberaz\/","url":"https:\/\/marinedescols.com\/en\/cabinet-dhypnose-chambery-accessible-voiture-barberaz\/","name":"THE CABINET - Marine Descols, hypnosis practice in Barberaz, Chamb\u00e9ry","isPartOf":{"@id":"https:\/\/marinedescols.com\/#website"},"datePublished":"2020-03-04T12:14:44+00:00","dateModified":"2020-11-24T23:03:43+00:00","description":"A hypnosis practice easily accessible by car, in Barberaz, near Chamb\u00e9ry, where you will be welcomed and listened to without judgment","breadcrumb":{"@id":"https:\/\/marinedescols.com\/en\/cabinet-dhypnose-chambery-accessible-voiture-barberaz\/#breadcrumb"},"inLanguage":"en-GB","potentialAction":[{"@type":"ReadAction","target":["https:\/\/marinedescols.com\/en\/cabinet-dhypnose-chambery-accessible-voiture-barberaz\/"]}]},{"@type":"BreadcrumbList","@id":"https:\/\/marinedescols.com\/en\/cabinet-dhypnose-chambery-accessible-voiture-barberaz\/#breadcrumb","itemListElement":[{"@type":"ListItem","position":1,"name":"Accueil","item":"https:\/\/marinedescols.com\/"},{"@type":"ListItem","position":2,"name":"LE CABINET"}]},{"@type":"WebSite","@id":"https:\/\/marinedescols.com\/#website","url":"https:\/\/marinedescols.com\/","name":"Marine Descols","description":"Hypnosis on Aix les Bains - Chamb\u00e9ry","potentialAction":[{"@type":"SearchAction","target":{"@type":"EntryPoint","urlTemplate":"https:\/\/marinedescols.com\/?s={search_term_string}"},"query-input":{"@type":"PropertyValueSpecification","valueRequired":true,"valueName":"search_term_string"}}],"inLanguage":"en-GB"}]}},"builder_content":"<h1 style=\"text-align: center;\">Marine Descols Hypnose\u00a0\u00a0<\/h1> <h3 style=\"text-align: center;\">Un cabinet de coaching par l'hypnose<\/h3> <h3 style=\"text-align: center;\">Parking facile et gratuit,<\/h3> <h3 style=\"text-align: center;\">\u00e0 5 minutes en voiture de Chamb\u00e9ry ou de La Ravoire<\/h3> <h3 style=\"text-align: center;\">et moins de 20 minutes d'Aix les Bains<\/h3>\n<h1>Le cabinet d'hypnose<\/h1>\n<p><strong>Adresse du cabinet\u00a0<br \/><br \/>Au 4e \u00e9tage, aux normes PMR<\/strong><\/p> <p>66 route d\u2019Apremont\u00a0,\u00a073000 Barberaz<\/p>\n<a href=\"https:\/\/www.google.fr\/maps\/place\/72+Route+d&#039;Apremont,+73000+Barberaz\/@45.5629343,5.9437955,17z\/data=!3m1!4b1!4m5!3m4!1s0x478ba8d9167b8265:0x5c813b1e9537fc31!8m2!3d45.5629306!4d5.9459895\" > <em><svg xmlns:xlink=\"http:\/\/www.w3.org\/1999\/xlink\" aria-hidden=\"true\"><use href=\"#tf-fas-map-marker-alt\" xlink:href=\"#tf-fas-map-marker-alt\"><\/use><\/svg><\/em> Localiser le cabinet sur Google Maps <\/a>\n\n\n<h3>Laura D<\/h3> <p style=\"text-align: center;\">Avant, quand il y avait une situation de conflit avec mon p\u00e8re, ma voix tremblait, j'essayais de me justifier, \u00e7a finissait toujours en larmes.<br \/>Aujourd'hui j'ai r\u00e9pondu avec un aplomb que je ne pensais pas avoir.\u00a0<\/p> <p style=\"text-align: center;\">L\u00e0 j'ai compris que la culpabilit\u00e9 m'avait quitt\u00e9e.<\/p> Hypnose Humaniste <a href=\"https:\/\/marinedescols.com\/lhypnose\/\">Conflit familial <\/a> <h3>Marina C<\/h3> <p>Bonjour.<br \/>2 mois sans cigarette et tout sans une goutte de sueur.<br \/>Un grand merci pour ces deux mois!<\/p> Hypnose Eriksonienne <a href=\"https:\/\/marinedescols.com\/lhypnose\/\">Arr\u00eat tabac<\/a> <h3>Laura M<\/h3> <p>Petit mot pour te remercier de cette s\u00e9ance qui a tellement chang\u00e9 ma vie! Avec le temps j'ai remarqu\u00e9 plein de changements, je me voyais r\u00e9agir (ou non) \u00e0 certaines situations diff\u00e9remment...alors que sur le moment je n'ai eu conscience que de cet apaisement si fort que j'ai ressenti.<\/p> Hypnose Eriksonniene <a href=\"https:\/\/marinedescols.com\/lhypnose\/\">confiance en soi<\/a> <h3>Aur\u00e9lie M.<\/h3> <p>Apr\u00e8s seulement 2 s\u00e9ances, je n'ai plus peur des araign\u00e9es, un r\u00e9el soulagement pour moi ! Merci Marine :)<\/p> Hypnose Eriksonniene <a href=\"https:\/\/marinedescols.com\/lhypnose\/\">Phobie<\/a> <h3>Mickael G<\/h3> <p>La transe hypnotique est un \u00e9tat de conscience qui aura \u00e9t\u00e9 pour moi une experience extraordinaire, o\u00f9 mes \u00e9motions ont litt\u00e9ralement jailli!\u00a0<\/p> Hypnose Eriksonniene <a href=\"https:\/\/marinedescols.com\/lhypnose\/\">traumatisme de l&#039;enfance<\/a> <h3>Mickael G<\/h3> <p>j'ai appris \u00e9norm\u00e9ment de choses sur moi-m\u00eame lors de ces 2 s\u00e9ances. Elles ont gu\u00e9ri des blessures profondes qui me hantaient depuis l'enfance! C'\u00e9tait vraiment fort et enrichissant! Merci\u00a0<\/p> Hypnose Eriksonniene <a href=\"https:\/\/marinedescols.com\/lhypnose\/\">traumatisme de l&#039;enfance<\/a>","_links":{"self":[{"href":"https:\/\/marinedescols.com\/en\/wp-json\/wp\/v2\/pages\/45","targetHints":{"allow":["GET"]}}],"collection":[{"href":"https:\/\/marinedescols.com\/en\/wp-json\/wp\/v2\/pages"}],"about":[{"href":"https:\/\/marinedescols.com\/en\/wp-json\/wp\/v2\/types\/page"}],"author":[{"embeddable":true,"href":"https:\/\/marinedescols.com\/en\/wp-json\/wp\/v2\/users\/1"}],"replies":[{"embeddable":true,"href":"https:\/\/marinedescols.com\/en\/wp-json\/wp\/v2\/comments?post=45"}],"version-history":[{"count":5,"href":"https:\/\/marinedescols.com\/en\/wp-json\/wp\/v2\/pages\/45\/revisions"}],"predecessor-version":[{"id":552,"href":"https:\/\/marinedescols.com\/en\/wp-json\/wp\/v2\/pages\/45\/revisions\/552"}],"wp:attachment":[{"href":"https:\/\/marinedescols.com\/en\/wp-json\/wp\/v2\/media?parent=45"}],"curies":[{"name":"wp","href":"https:\/\/api.w.org\/{rel}","templated":true}]}}