{"id":43,"date":"2020-03-04T13:14:18","date_gmt":"2020-03-04T12:14:18","guid":{"rendered":"https:\/\/marinedescols.com\/?page_id=43"},"modified":"2020-11-23T20:55:28","modified_gmt":"2020-11-23T19:55:28","slug":"presentation","status":"publish","type":"page","link":"https:\/\/marinedescols.com\/en\/presentation\/","title":{"rendered":"PRESENTATION"},"content":{"rendered":"<!--themify_builder_content-->\n<div id=\"themify_builder_content-43\" data-postid=\"43\" class=\"themify_builder_content themify_builder_content-43 themify_builder tf_clear\">\n                    <div  data-css_id=\"mo81907\" data-lazy=\"1\" class=\"module_row themify_builder_row fullwidth tb_mo81907 tb_first tf_w\">\n            <span  class=\"builder_row_cover tf_abs\" data-lazy=\"1\"><\/span>            <div class=\"row_inner col_align_top tb_col_count_1 tf_box tf_rel\">\n                        <div  data-lazy=\"1\" class=\"module_column tb-column col-full tb_2uqa908 first\">\n                            <div  data-lazy=\"1\" class=\"module_subrow themify_builder_sub_row tf_w col_align_top tb_col_count_1 tb_hmde501\">\n        <span class=\"tb_row_frame_wrap tf_overflow tf_abs\" data-lazy=\"1\"><span class=\"tb_row_frame tb_row_frame_bottom  tf_abs tf_hide tf_overflow tf_w\"><\/span><\/span>        <div  data-lazy=\"1\" class=\"module_column sub_column col-full tb_ddbk502 first\">\n                    <!-- module text -->\n<div  class=\"module module-text tb_1lme816\" data-lazy=\"1\">\n        <div  class=\"tb_text_wrap\">\n        <h1 style=\"text-align: center;\">Marine Descols<\/h1>\n<h3 style=\"text-align: center;\">Specialist in hypnosis, mental &amp; sports coaching<\/h3>    <\/div>\n<\/div>\n<!-- \/module text -->        <\/div>\n                    <\/div>\n                <\/div>\n                        <\/div>\n        <\/div>\n                        <div  data-lazy=\"1\" class=\"module_row themify_builder_row tb_u67o348 tf_w\">\n                        <div class=\"row_inner col_align_top tb_col_count_1 tf_box tf_rel\">\n                        <div  data-lazy=\"1\" class=\"module_column tb-column col-full tb_zk29349 first\">\n                            <div  data-lazy=\"1\" class=\"module_subrow themify_builder_sub_row tf_w col_align_top tb_col_count_2 tb_3gfy350\">\n                <div  data-lazy=\"1\" class=\"module_column sub_column col2-1 tb_242i351 first\">\n                            <\/div>\n                    <div  data-lazy=\"1\" class=\"module_column sub_column col2-1 tb_dvbv351 last\">\n                    <!-- module text -->\n<div  class=\"module module-text tb_1tw6351    wow\" data-tf-animation=\"fadeInRight\" data-lazy=\"1\">\n        <div  class=\"tb_text_wrap\">\n        <h1>Who am I?\u00a0<\/h1>    <\/div>\n<\/div>\n<!-- \/module text --><!-- module text -->\n<div  class=\"module module-text tb_ve2b351    wow\" data-tf-animation=\"fadeInRight\" data-tf-animation_delay=\"0.4\" data-lazy=\"1\">\n        <div  class=\"tb_text_wrap\">\n        <ul>\n<li>Graduate of a DU of physiotherapy<\/li>\n<li>Sports Educator<span class=\"Apple-converted-space\">\u00a0<\/span><\/li>\n<li>Ericksonian Hypnosis Practitioner<\/li>\n<li>Humanistic Hypnosis Practitioner<\/li>\n<li>NLP Practitioner<span class=\"Apple-converted-space\">\u00a0<\/span><\/li>\n<li>Psychopathology (by Dr. Lombard)<\/li>\n<li>Hypnopratician specializing in Tobacco Cessation (ATH)<span class=\"Apple-converted-space\">\u00a0<\/span><\/li>\n<li>Initiator and coach in Wingsuit (skydiving)<span class=\"Apple-converted-space\">\u00a0<\/span><\/li>\n<\/ul>    <\/div>\n<\/div>\n<!-- \/module text -->        <\/div>\n                    <\/div>\n                <\/div>\n                        <\/div>\n        <\/div>\n                        <div  data-lazy=\"1\" class=\"module_row themify_builder_row tb_hcv0764 tf_w\">\n                        <div class=\"row_inner col_align_top tb_col_count_1 tf_box tf_rel\">\n                        <div  data-lazy=\"1\" class=\"module_column tb-column col-full tb_gk8y764 first\">\n                            <div  data-lazy=\"1\" class=\"module_subrow themify_builder_sub_row tf_w col_align_top tb_col_count_2 tb_2g16765\">\n                <div  data-lazy=\"1\" class=\"module_column sub_column col2-1 tb_ocfx765 first\">\n                    <!-- module text -->\n<div  class=\"module module-text tb_i4te766    wow\" data-tf-animation=\"fadeInLeft\" data-lazy=\"1\">\n        <div  class=\"tb_text_wrap\">\n        <h1><b>Why hypnosis?<\/b><\/h1>    <\/div>\n<\/div>\n<!-- \/module text --><!-- module text -->\n<div  class=\"module module-text tb_ay3q766    wow\" data-tf-animation=\"fadeInLeft\" data-tf-animation_delay=\"0.4\" data-lazy=\"1\">\n        <div  class=\"tb_text_wrap\">\n        <p>I studied physiotherapy in Montpellier and have since practiced all over France and as far away as England.<span class=\"Apple-converted-space\">\u00a0 <\/span>Coming from a family of doctors, I have always been interested in the relationship between body and mind, and am passionate about psychosomatic mechanisms....<span class=\"Apple-converted-space\">\u00a0<\/span><\/p>\n<p><strong>How does the mind speak to the body, and vice versa?<\/strong><\/p>\n<p><strong>How is it that some people can manage their pain with just a thought?<\/strong><\/p>\n<p>It was these questions that led me to choose Fibromyalgia as the subject of my dissertation in 2009...<span class=\"Apple-converted-space\">\u00a0<\/span><\/p>\n<p>One thing led me naturally to hypnosis, which uses the unconscious processes that govern our thinking.<\/p>\n<p>So I trained at the IFHE in Paris for more than 5 years to open a consulting practice in Drumettaz.<span class=\"Apple-converted-space\">\u00a0<\/span><\/p>\n<p>Then I met Dr Nicolas Delorme who, interested in the psychological aspect of surgical care, offered me the opportunity to work with his patients at the Cabinet Dentaire des Savoies (link to their website).<\/p>\n<p>To learn more about this collaboration, I invite you to consult the chapter <a href=\"https:\/\/marinedescols.com\/index.php\/le-cabinet\/\"><strong>\"the firm\"<\/strong><\/a><\/p>    <\/div>\n<\/div>\n<!-- \/module text -->        <\/div>\n                    <div  data-lazy=\"1\" class=\"module_column sub_column col2-1 tb_382c766 last\">\n                            <\/div>\n                    <\/div>\n                <\/div>\n                        <\/div>\n        <\/div>\n                        <div  data-lazy=\"1\" class=\"module_row themify_builder_row tb_y23k830 tf_w\">\n                        <div class=\"row_inner col_align_top tb_col_count_1 tf_box tf_rel\">\n                        <div  data-lazy=\"1\" class=\"module_column tb-column col-full tb_v0cg830 first\">\n                            <div  data-lazy=\"1\" class=\"module_subrow themify_builder_sub_row tf_w col_align_top tb_col_count_2 tb_0lju831\">\n                <div  data-lazy=\"1\" class=\"module_column sub_column col2-1 tb_b5gm831 first\">\n                            <\/div>\n                    <div  data-lazy=\"1\" class=\"module_column sub_column col2-1 tb_6fis832 last\">\n                    <!-- module text -->\n<div  class=\"module module-text tb_8l3e832    wow\" data-tf-animation=\"fadeInRight\" data-lazy=\"1\">\n        <div  class=\"tb_text_wrap\">\n        <h1>...what about mental preparation?<\/h1>    <\/div>\n<\/div>\n<!-- \/module text --><!-- module text -->\n<div  class=\"module module-text tb_feww832    wow\" data-tf-animation=\"fadeInRight\" data-tf-animation_delay=\"0.4\" data-lazy=\"1\">\n        <div  class=\"tb_text_wrap\">\n        <p>In parallel to this activity, and the replacements that I made in physiotherapy, I continued to devote myself to my passion for aerial sports, by practicing <strong>wingsuit flight<\/strong>.<span class=\"Apple-converted-space\">\u00a0<\/span><\/p>\n<p>Little by little, I became<strong> coach<\/strong> and <strong>competitor<\/strong>. <br \/>The tools I used in the office were quickly adapted to the practice of sports.<span class=\"Apple-converted-space\">\u00a0<\/span><\/p>\n<p>Today, I take part in many sporting events in France and abroad, where I coach and prepare the mental preparation in the air environment.<\/p>\n<p><em><span class=\"Apple-converted-space\">\u00a0<\/span>You can follow our sports news on <a href=\"https:\/\/www.skyvibration.com\" target=\"_blank\" rel=\"noopener\"><span style=\"text-decoration: underline;\">skyvibration.com<\/span><\/a><\/em><\/p>    <\/div>\n<\/div>\n<!-- \/module text -->        <\/div>\n                    <\/div>\n                <\/div>\n                        <\/div>\n        <\/div>\n        <\/div>\n<!--\/themify_builder_content-->","protected":false},"excerpt":{"rendered":"<p>Marine Descols Sp\u00e9cialiste en hypnose, coaching mental &amp; sportif Qui suis-je ?\u00a0 Dipl\u00f4m\u00e9e d\u2019un DU de kin\u00e9sith\u00e9rapie Educateur sportif\u00a0 Praticienne en Hypnose Ericksonnienne Praticienne en Hypnose Humaniste Praticienne en PNL\u00a0 Psychopathologie (par le Dr Lombard) Hypnopraticienne sp\u00e9cialis\u00e9e dans l\u2019arr\u00eat du Tabac (ATH)\u00a0 Initiatrice et coach en Wingsuit (parachutisme)\u00a0 Pourquoi l\u2019hypnose\u00a0? J\u2019ai fait mes \u00e9tudes de [&hellip;]<\/p>\n","protected":false},"author":1,"featured_media":0,"parent":0,"menu_order":0,"comment_status":"closed","ping_status":"closed","template":"","meta":{"_monsterinsights_skip_tracking":false,"_monsterinsights_sitenote_active":false,"_monsterinsights_sitenote_note":"","_monsterinsights_sitenote_category":0,"footnotes":""},"class_list":["post-43","page","type-page","status-publish","hentry","has-post-title","has-post-date","has-post-category","has-post-tag","has-post-comment","has-post-author",""],"yoast_head":"<!-- This site is optimized with the Yoast SEO plugin v27.3 - https:\/\/yoast.com\/product\/yoast-seo-wordpress\/ -->\n<title>PR\u00c9SENTATION - Marine Descols<\/title>\n<meta name=\"robots\" content=\"index, follow, max-snippet:-1, max-image-preview:large, max-video-preview:-1\" \/>\n<link rel=\"canonical\" href=\"https:\/\/marinedescols.com\/en\/presentation\/\" \/>\n<meta property=\"og:locale\" content=\"en_GB\" \/>\n<meta property=\"og:type\" content=\"article\" \/>\n<meta property=\"og:title\" content=\"PR\u00c9SENTATION - Marine Descols\" \/>\n<meta property=\"og:description\" content=\"Marine Descols Sp\u00e9cialiste en hypnose, coaching mental &amp; sportif Qui suis-je ?\u00a0 Dipl\u00f4m\u00e9e d\u2019un DU de kin\u00e9sith\u00e9rapie Educateur sportif\u00a0 Praticienne en Hypnose Ericksonnienne Praticienne en Hypnose Humaniste Praticienne en PNL\u00a0 Psychopathologie (par le Dr Lombard) Hypnopraticienne sp\u00e9cialis\u00e9e dans l\u2019arr\u00eat du Tabac (ATH)\u00a0 Initiatrice et coach en Wingsuit (parachutisme)\u00a0 Pourquoi l\u2019hypnose\u00a0? J\u2019ai fait mes \u00e9tudes de [&hellip;]\" \/>\n<meta property=\"og:url\" content=\"https:\/\/marinedescols.com\/en\/presentation\/\" \/>\n<meta property=\"og:site_name\" content=\"Marine Descols\" \/>\n<meta property=\"article:modified_time\" content=\"2020-11-23T19:55:28+00:00\" \/>\n<meta name=\"twitter:card\" content=\"summary_large_image\" \/>\n<meta name=\"twitter:label1\" content=\"Estimated reading time\" \/>\n\t<meta name=\"twitter:data1\" content=\"2 minutes\" \/>\n<script type=\"application\/ld+json\" class=\"yoast-schema-graph\">{\"@context\":\"https:\\\/\\\/schema.org\",\"@graph\":[{\"@type\":\"WebPage\",\"@id\":\"https:\\\/\\\/marinedescols.com\\\/presentation\\\/\",\"url\":\"https:\\\/\\\/marinedescols.com\\\/presentation\\\/\",\"name\":\"PR\u00c9SENTATION - Marine Descols\",\"isPartOf\":{\"@id\":\"https:\\\/\\\/marinedescols.com\\\/#website\"},\"datePublished\":\"2020-03-04T12:14:18+00:00\",\"dateModified\":\"2020-11-23T19:55:28+00:00\",\"breadcrumb\":{\"@id\":\"https:\\\/\\\/marinedescols.com\\\/presentation\\\/#breadcrumb\"},\"inLanguage\":\"en-GB\",\"potentialAction\":[{\"@type\":\"ReadAction\",\"target\":[\"https:\\\/\\\/marinedescols.com\\\/presentation\\\/\"]}]},{\"@type\":\"BreadcrumbList\",\"@id\":\"https:\\\/\\\/marinedescols.com\\\/presentation\\\/#breadcrumb\",\"itemListElement\":[{\"@type\":\"ListItem\",\"position\":1,\"name\":\"Accueil\",\"item\":\"https:\\\/\\\/marinedescols.com\\\/\"},{\"@type\":\"ListItem\",\"position\":2,\"name\":\"PR\u00c9SENTATION\"}]},{\"@type\":\"WebSite\",\"@id\":\"https:\\\/\\\/marinedescols.com\\\/#website\",\"url\":\"https:\\\/\\\/marinedescols.com\\\/\",\"name\":\"Marine Descols\",\"description\":\"Hypnose sur Aix les Bains - Chamb\u00e9ry\",\"potentialAction\":[{\"@type\":\"SearchAction\",\"target\":{\"@type\":\"EntryPoint\",\"urlTemplate\":\"https:\\\/\\\/marinedescols.com\\\/?s={search_term_string}\"},\"query-input\":{\"@type\":\"PropertyValueSpecification\",\"valueRequired\":true,\"valueName\":\"search_term_string\"}}],\"inLanguage\":\"en-GB\"}]}<\/script>\n<!-- \/ Yoast SEO plugin. -->","yoast_head_json":{"title":"PRESENTATION - Marine Descols","robots":{"index":"index","follow":"follow","max-snippet":"max-snippet:-1","max-image-preview":"max-image-preview:large","max-video-preview":"max-video-preview:-1"},"canonical":"https:\/\/marinedescols.com\/en\/presentation\/","og_locale":"en_GB","og_type":"article","og_title":"PR\u00c9SENTATION - Marine Descols","og_description":"Marine Descols Sp\u00e9cialiste en hypnose, coaching mental &amp; sportif Qui suis-je ?\u00a0 Dipl\u00f4m\u00e9e d\u2019un DU de kin\u00e9sith\u00e9rapie Educateur sportif\u00a0 Praticienne en Hypnose Ericksonnienne Praticienne en Hypnose Humaniste Praticienne en PNL\u00a0 Psychopathologie (par le Dr Lombard) Hypnopraticienne sp\u00e9cialis\u00e9e dans l\u2019arr\u00eat du Tabac (ATH)\u00a0 Initiatrice et coach en Wingsuit (parachutisme)\u00a0 Pourquoi l\u2019hypnose\u00a0? J\u2019ai fait mes \u00e9tudes de [&hellip;]","og_url":"https:\/\/marinedescols.com\/en\/presentation\/","og_site_name":"Marine Descols","article_modified_time":"2020-11-23T19:55:28+00:00","twitter_card":"summary_large_image","twitter_misc":{"Estimated reading time":"2 minutes"},"schema":{"@context":"https:\/\/schema.org","@graph":[{"@type":"WebPage","@id":"https:\/\/marinedescols.com\/presentation\/","url":"https:\/\/marinedescols.com\/presentation\/","name":"PRESENTATION - Marine Descols","isPartOf":{"@id":"https:\/\/marinedescols.com\/#website"},"datePublished":"2020-03-04T12:14:18+00:00","dateModified":"2020-11-23T19:55:28+00:00","breadcrumb":{"@id":"https:\/\/marinedescols.com\/presentation\/#breadcrumb"},"inLanguage":"en-GB","potentialAction":[{"@type":"ReadAction","target":["https:\/\/marinedescols.com\/presentation\/"]}]},{"@type":"BreadcrumbList","@id":"https:\/\/marinedescols.com\/presentation\/#breadcrumb","itemListElement":[{"@type":"ListItem","position":1,"name":"Accueil","item":"https:\/\/marinedescols.com\/"},{"@type":"ListItem","position":2,"name":"PR\u00c9SENTATION"}]},{"@type":"WebSite","@id":"https:\/\/marinedescols.com\/#website","url":"https:\/\/marinedescols.com\/","name":"Marine Descols","description":"Hypnosis on Aix les Bains - Chamb\u00e9ry","potentialAction":[{"@type":"SearchAction","target":{"@type":"EntryPoint","urlTemplate":"https:\/\/marinedescols.com\/?s={search_term_string}"},"query-input":{"@type":"PropertyValueSpecification","valueRequired":true,"valueName":"search_term_string"}}],"inLanguage":"en-GB"}]}},"builder_content":"<h1 style=\"text-align: center;\">Marine Descols<\/h1> <h3 style=\"text-align: center;\">Sp\u00e9cialiste en hypnose, coaching mental &amp; sportif<\/h3>\n<h1>Qui suis-je ?\u00a0<\/h1>\n<ul> <li>Dipl\u00f4m\u00e9e d\u2019un DU de kin\u00e9sith\u00e9rapie<\/li> <li>Educateur sportif\u00a0<\/li> <li>Praticienne en Hypnose Ericksonnienne<\/li> <li>Praticienne en Hypnose Humaniste<\/li> <li>Praticienne en PNL\u00a0<\/li> <li>Psychopathologie (par le Dr Lombard)<\/li> <li>Hypnopraticienne sp\u00e9cialis\u00e9e dans l\u2019arr\u00eat du Tabac (ATH)\u00a0<\/li> <li>Initiatrice et coach en Wingsuit (parachutisme)\u00a0<\/li> <\/ul>\n<h1><b>Pourquoi l\u2019hypnose\u00a0?<\/b><\/h1>\n<p>J\u2019ai fait mes \u00e9tudes de kin\u00e9sith\u00e9rapeute \u00e0 Montpellier et j\u2019ai depuis, exerc\u00e9 un peu partout en France et jusqu\u2019en Angleterre.\u00a0 Issue d\u2019une famille de m\u00e9decins, je m\u2019int\u00e9resse depuis toujours au rapport entre le corps et le mental, et me passionne pour les m\u00e9canismes psychosomatiques\u2026.\u00a0<\/p> <p><strong>Comment l\u2019esprit parle-t-il au corps, et vice versa\u00a0?<\/strong><\/p> <p><strong>Comment se fait-il que certaines personnes puissent g\u00e9rer leur douleur par la simple pens\u00e9e\u00a0?<\/strong><\/p> <p>C\u2019est d\u2019ailleurs ces questionnements qui m\u2019avaient amen\u00e9e \u00e0 choisir la Fibromyalgie comme sujet de m\u00e9moire en 2009\u2026\u00a0<\/p> <p>De fil en aiguille, cela m\u2019a naturellement dirig\u00e9e vers l\u2019hypnose, qui utilise les processus inconscients r\u00e9gissant notre pens\u00e9e.<\/p> <p>Je me suis donc form\u00e9e \u00e0 l\u2019IFHE sur Paris, pendant plus de 5 ans pour ouvrir un cabinet de consultation \u00e0 Drumettaz.\u00a0<\/p> <p>Puis j\u2019ai rencontr\u00e9 le Dr Nicolas Delorme qui, int\u00e9ress\u00e9 par l\u2019aspect psychologique au sein d\u2019une prise en charge chirurgicale, m\u2019a propos\u00e9 de venir travailler aupr\u00e8s de ses patients au Cabinet Dentaire des Savoies. (lien vers leur site).<\/p> <p>Pour en savoir plus sur cette collaboration, je vous invite \u00e0 consulter le chapitre <a href=\"https:\/\/marinedescols.com\/index.php\/le-cabinet\/\"><strong>\u00ab le cabinet\u00a0\u00bb<\/strong><\/a><\/p>\n<h1>...Et la pr\u00e9paration mentale?<\/h1>\n<p>En parall\u00e8le de cette activit\u00e9, et des remplacements que j\u2019effectuais en kin\u00e9, je continuais de m\u2019adonner \u00e0 ma passion du sport a\u00e9rien, en pratiquant <strong>le vol en wingsuit<\/strong>.\u00a0<\/p> <p>Petit \u00e0 petit, je suis devenue<strong> coach<\/strong> et <strong>comp\u00e9titrice<\/strong>. <br \/>Les outils que j\u2019utilisais en cabinet ont vite \u00e9t\u00e9 adapt\u00e9s \u00e0 la pratique sportive.\u00a0<\/p> <p>J\u2019interviens aujourd\u2019hui sur de nombreux \u00e9v\u00e8nements sportifs en France, et \u00e0 l\u2019international, o\u00f9 je pratique le coaching et la pr\u00e9paration mentale dans le milieu a\u00e9rien.<\/p> <p><em>\u00a0Vous pouvez suivre notre actualit\u00e9 sportive sur <a href=\"https:\/\/www.skyvibration.com\" target=\"_blank\" rel=\"noopener\">skyvibration.com<\/a><\/em><\/p>","_links":{"self":[{"href":"https:\/\/marinedescols.com\/en\/wp-json\/wp\/v2\/pages\/43","targetHints":{"allow":["GET"]}}],"collection":[{"href":"https:\/\/marinedescols.com\/en\/wp-json\/wp\/v2\/pages"}],"about":[{"href":"https:\/\/marinedescols.com\/en\/wp-json\/wp\/v2\/types\/page"}],"author":[{"embeddable":true,"href":"https:\/\/marinedescols.com\/en\/wp-json\/wp\/v2\/users\/1"}],"replies":[{"embeddable":true,"href":"https:\/\/marinedescols.com\/en\/wp-json\/wp\/v2\/comments?post=43"}],"version-history":[{"count":5,"href":"https:\/\/marinedescols.com\/en\/wp-json\/wp\/v2\/pages\/43\/revisions"}],"predecessor-version":[{"id":476,"href":"https:\/\/marinedescols.com\/en\/wp-json\/wp\/v2\/pages\/43\/revisions\/476"}],"wp:attachment":[{"href":"https:\/\/marinedescols.com\/en\/wp-json\/wp\/v2\/media?parent=43"}],"curies":[{"name":"wp","href":"https:\/\/api.w.org\/{rel}","templated":true}]}}