{"id":38,"date":"2020-03-04T13:12:34","date_gmt":"2020-03-04T12:12:34","guid":{"rendered":"https:\/\/marinedescols.com\/?page_id=38"},"modified":"2021-04-23T23:09:48","modified_gmt":"2021-04-23T21:09:48","slug":"cabinet-dhypnose-chambery-accessible-voiture-barberaz-2","status":"publish","type":"page","link":"https:\/\/marinedescols.com\/en\/","title":{"rendered":"HOME"},"content":{"rendered":"<!--themify_builder_content-->\n<div id=\"themify_builder_content-38\" data-postid=\"38\" class=\"themify_builder_content themify_builder_content-38 themify_builder tf_clear\">\n                    <div  data-css_id=\"dfwu598\" data-lazy=\"1\" class=\"module_row themify_builder_row fullwidth tb_dfwu598 tb_first tf_w\">\n                        <div class=\"row_inner gutter-none col_align_top tb_col_count_2 tf_box tf_rel\">\n                        <div  data-lazy=\"1\" class=\"module_column tb-column col4-2 tb_32gv598 first\">\n                    <!-- module text -->\n<div  class=\"module module-text tb_kxvi488    wow\" data-tf-animation=\"fadeInUp\" data-tf-animation_delay=\"0.4\" data-lazy=\"1\">\n        <div  class=\"tb_text_wrap\">\n        <h1 style=\"text-align: center;\">Hypnosis in Chamb\u00e9ry<\/h1>\n<h2 style=\"text-align: center;\">Marine Descols, hypnosis specialist in Savoie or by video.<\/h2>    <\/div>\n<\/div>\n<!-- \/module text -->        <\/div>\n                    <div  data-lazy=\"1\" class=\"module_column tb-column col4-2 tb_adxq541 last\">\n        <span  class=\"builder_row_cover tf_abs\" data-lazy=\"1\"><\/span>            <!-- module image -->\n<div  class=\"module module-image tb_gdr7581 image-top   tf_mw\" data-lazy=\"1\">\n        <div class=\"image-wrap tf_rel tf_mw\">\n            <img loading=\"lazy\" decoding=\"async\" width=\"2474\" height=\"2560\" src=\"https:\/\/marinedescols.com\/wp-content\/uploads\/2020\/11\/hypnose-chambery-1-scaled.jpg\" class=\"wp-post-image wp-image-413\" title=\"hypnosis-chambery-1\" alt=\"Chambery Hypnosis\" srcset=\"https:\/\/marinedescols.com\/wp-content\/uploads\/2020\/11\/hypnose-chambery-1-scaled.jpg 2474w, https:\/\/marinedescols.com\/wp-content\/uploads\/2020\/11\/hypnose-chambery-1-290x300.jpg 290w, https:\/\/marinedescols.com\/wp-content\/uploads\/2020\/11\/hypnose-chambery-1-990x1024.jpg 990w, https:\/\/marinedescols.com\/wp-content\/uploads\/2020\/11\/hypnose-chambery-1-768x795.jpg 768w, https:\/\/marinedescols.com\/wp-content\/uploads\/2020\/11\/hypnose-chambery-1-1484x1536.jpg 1484w, https:\/\/marinedescols.com\/wp-content\/uploads\/2020\/11\/hypnose-chambery-1-1979x2048.jpg 1979w, https:\/\/marinedescols.com\/wp-content\/uploads\/2020\/11\/hypnose-chambery-1-12x12.jpg 12w\" sizes=\"auto, (max-width: 2474px) 100vw, 2474px\" \/>    \n        <\/div>\n    <!-- \/image-wrap -->\n    \n        <\/div>\n<!-- \/module image -->        <\/div>\n                        <\/div>\n        <\/div>\n                        <div  data-lazy=\"1\" class=\"module_row themify_builder_row tb_h8of193 tf_w\">\n                        <div class=\"row_inner col_align_top tb_col_count_1 tf_box tf_rel\">\n                        <div  data-lazy=\"1\" class=\"module_column tb-column col-full tb_z35m194 first\">\n                    <div  class=\"module themify_builder_slider_wrap tf_clearfix module-testimonial-slider tb_f5p5360  image-bottom   wow\" data-tf-animation=\"fadeInUp\" data-tf-animation_delay=\"0.2\" data-lazy=\"1\">\n        <div class=\"themify_builder_slider tf_carousel tf_swiper-container tf_rel tf_overflow\" data-lazy=\"1\"        data-visible=\"1\"\n        data-tab-visible=\"0\"\n        data-mob-visible=\"0\"\n        data-scroll=\"1\"\n                            data-auto=\"6000\"\n            data-controller=\"0\"\n            data-pause_hover=\"1\"\n                data-speed=\"normal\"\n        data-wrapvar=\"1\"\n        data-slider_nav=\"0\"\n        data-pager=\"1\"\n        data-effect=\"crossfade\" \n        data-height=\"variable\"\n        data-css_url=\"https:\/\/marinedescols.com\/wp-content\/themes\/themify-ultra\/themify\/themify-builder\/css\/modules\/sliders\/carousel,https:\/\/marinedescols.com\/wp-content\/themes\/themify-ultra\/themify\/themify-builder\/css\/modules\/sliders\/testimonial-slider\"\n                    >\n        <div class=\"tf_swiper-wrapper tf_lazy tf_rel tf_w tf_h tf_textc\">\n                <div class=\"post tf_swiper-slide\">            <div class=\"testimonial-item\">\n                                <div class=\"testimonial-content\">\n                                            <h3 class=\"testimonial-title\">Laura D<\/h3>\n                                                                                    <div class=\"testimonial-entry-content\">\n                            <p style=\"text-align: center;\">Before, when there was a conflict situation with my father, my voice would tremble, I would try to justify myself, it would always end in tears.<br \/>Today I answered with an aplomb I didn't think I had.\u00a0<\/p>\n<p>And then I realised that the guilt had left me.<\/p>                        <\/div>\n                                        \n                                            <div class=\"testimonial-author\">\n                                                            <div class=\"person-name\">Humanistic Hypnosis<\/div>\n                                                                                                                    <div class=\"person-company\">\n                                                                            <a href=\"https:\/\/marinedescols.com\/en\/lhypnose\/\">Family conflict <\/a>\n                                                                    <\/div>\n                                                    <\/div>\n                                    <\/div>\n            <\/div>\n        <\/div><!-- .post -->            <div class=\"post tf_swiper-slide\" style=\"content-visibility:hidden\">            <div class=\"testimonial-item\">\n                                <div class=\"testimonial-content\">\n                                            <h3 class=\"testimonial-title\">Marina C<\/h3>\n                                                                                    <div class=\"testimonial-entry-content\">\n                            <p>Hello.<br \/>2 months without a cigarette and everything without a drop of sweat.<br \/>A big thank you for these two months!<\/p>                        <\/div>\n                                        \n                                            <div class=\"testimonial-author\">\n                                                            <div class=\"person-name\">Eriksonian Hypnosis<\/div>\n                                                                                                                    <div class=\"person-company\">\n                                                                            <a href=\"https:\/\/marinedescols.com\/en\/lhypnose\/\">Smoking cessation<\/a>\n                                                                    <\/div>\n                                                    <\/div>\n                                    <\/div>\n            <\/div>\n        <\/div><!-- .post -->            <div class=\"post tf_swiper-slide\" style=\"content-visibility:hidden\">            <div class=\"testimonial-item\">\n                                <div class=\"testimonial-content\">\n                                            <h3 class=\"testimonial-title\">Laura M<\/h3>\n                                                                                    <div class=\"testimonial-entry-content\">\n                            <p>Just a quick note to thank you for this session that changed my life so much! With time I noticed a lot of changes, I saw myself reacting (or not) to certain situations differently...whereas at the time I was only aware of this strong appeasement that I felt (...)\u00a0<\/p>                        <\/div>\n                                        \n                                            <div class=\"testimonial-author\">\n                                                            <div class=\"person-name\">Eriksonian Hypnosis<\/div>\n                                                                                                                    <div class=\"person-company\">\n                                                                            <a href=\"https:\/\/marinedescols.com\/en\/lhypnose\/\">self-confidence<\/a>\n                                                                    <\/div>\n                                                    <\/div>\n                                    <\/div>\n            <\/div>\n        <\/div><!-- .post -->            <div class=\"post tf_swiper-slide\" style=\"content-visibility:hidden\">            <div class=\"testimonial-item\">\n                                <div class=\"testimonial-content\">\n                                            <h3 class=\"testimonial-title\">Aur\u00e9lie M.<\/h3>\n                                                                                    <div class=\"testimonial-entry-content\">\n                            <p>After only 2 sessions, I am no longer afraid of spiders, a real relief for me! Thank you Marine \ud83d\ude42<\/p>                        <\/div>\n                                        \n                                            <div class=\"testimonial-author\">\n                                                            <div class=\"person-name\">Eriksonian Hypnosis<\/div>\n                                                                                                                    <div class=\"person-company\">\n                                                                            <a href=\"https:\/\/marinedescols.com\/en\/lhypnose\/\">Phobia<\/a>\n                                                                    <\/div>\n                                                    <\/div>\n                                    <\/div>\n            <\/div>\n        <\/div><!-- .post -->            <div class=\"post tf_swiper-slide\" style=\"content-visibility:hidden\">            <div class=\"testimonial-item\">\n                                <div class=\"testimonial-content\">\n                                            <h3 class=\"testimonial-title\">Mickael G<\/h3>\n                                                                                    <div class=\"testimonial-entry-content\">\n                            <p>The hypnotic trance is a state of consciousness that has been an extraordinary experience for me, where my emotions literally burst forth!\u00a0<br \/>It was really strong and enriching.\u00a0<\/p>                        <\/div>\n                                        \n                                            <div class=\"testimonial-author\">\n                                                            <div class=\"person-name\">Eriksonian Hypnosis<\/div>\n                                                                                                                    <div class=\"person-company\">\n                                                                            <a href=\"https:\/\/marinedescols.com\/en\/lhypnose\/\">traumatisme de l&#039;enfance<\/a>\n                                                                    <\/div>\n                                                    <\/div>\n                                    <\/div>\n            <\/div>\n        <\/div><!-- .post -->            <div class=\"post tf_swiper-slide\" style=\"content-visibility:hidden\">            <div class=\"testimonial-item\">\n                                <div class=\"testimonial-content\">\n                                            <h3 class=\"testimonial-title\">Mickael G<\/h3>\n                                                                                    <div class=\"testimonial-entry-content\">\n                            <p>(...) I learned a lot about myself during these 2 sessions. They healed deep wounds that had haunted me since childhood! It was really powerful and enriching! Thank you\u00a0<\/p>                        <\/div>\n                                        \n                                            <div class=\"testimonial-author\">\n                                                            <div class=\"person-name\">Eriksonian Hypnosis<\/div>\n                                                                                                                    <div class=\"person-company\">\n                                                                            <a href=\"https:\/\/marinedescols.com\/en\/lhypnose\/\">traumatisme de l&#039;enfance<\/a>\n                                                                    <\/div>\n                                                    <\/div>\n                                    <\/div>\n            <\/div>\n        <\/div><!-- .post -->                <\/div>\n    <\/div>\n<\/div>\n        <\/div>\n                        <\/div>\n        <\/div>\n        <\/div>\n<!--\/themify_builder_content-->","protected":false},"excerpt":{"rendered":"<p>Hypnose \u00e0 Chamb\u00e9ry Marine Descols, sp\u00e9cialiste de l&rsquo;hypnose en Savoie ou en visio. Laura D Avant, quand il y avait une situation de conflit avec mon p\u00e8re, ma voix tremblait, j&rsquo;essayais de me justifier, \u00e7a finissait toujours en larmes.Aujourd&rsquo;hui j&rsquo;ai r\u00e9pondu avec un aplomb que je ne pensais pas avoir.\u00a0 Et l\u00e0 j&rsquo;ai compris que [&hellip;]<\/p>\n","protected":false},"author":1,"featured_media":0,"parent":0,"menu_order":0,"comment_status":"closed","ping_status":"closed","template":"","meta":{"_monsterinsights_skip_tracking":false,"_monsterinsights_sitenote_active":false,"_monsterinsights_sitenote_note":"","_monsterinsights_sitenote_category":0,"footnotes":""},"class_list":["post-38","page","type-page","status-publish","hentry","has-post-title","has-post-date","has-post-category","has-post-tag","has-post-comment","has-post-author",""],"yoast_head":"<!-- This site is optimized with the Yoast SEO plugin v27.5 - https:\/\/yoast.com\/product\/yoast-seo-wordpress\/ -->\n<title>MARINE DESCOLS:CABINET D&#039;HYPNOSE \u00c0 CHAMB\u00c9RY, BARBERAZ<\/title>\n<meta name=\"description\" content=\"Un accueil chaleureux, dans un cabinet d&#039;hypnose lumineux et accessible situ\u00e9 \u00e0 Barberaz, pr\u00e8s de Chamb\u00e9ry. Ouvert en semaine.\" \/>\n<meta name=\"robots\" content=\"index, follow, max-snippet:-1, max-image-preview:large, max-video-preview:-1\" \/>\n<link rel=\"canonical\" href=\"https:\/\/marinedescols.com\/en\/\" \/>\n<meta property=\"og:locale\" content=\"en_GB\" \/>\n<meta property=\"og:type\" content=\"article\" \/>\n<meta property=\"og:title\" content=\"MARINE DESCOLS:CABINET D&#039;HYPNOSE \u00c0 CHAMB\u00c9RY, BARBERAZ\" \/>\n<meta property=\"og:description\" content=\"Un accueil chaleureux, dans un cabinet d&#039;hypnose lumineux et accessible situ\u00e9 \u00e0 Barberaz, pr\u00e8s de Chamb\u00e9ry. Ouvert en semaine.\" \/>\n<meta property=\"og:url\" content=\"https:\/\/marinedescols.com\/en\/\" \/>\n<meta property=\"og:site_name\" content=\"Marine Descols\" \/>\n<meta property=\"article:modified_time\" content=\"2021-04-23T21:09:48+00:00\" \/>\n<meta property=\"og:image\" content=\"https:\/\/marinedescols.com\/wp-content\/uploads\/2020\/11\/hypnose-chambery-1-scaled.jpg\" \/>\n<meta name=\"twitter:card\" content=\"summary_large_image\" \/>\n<meta name=\"twitter:label1\" content=\"Estimated reading time\" \/>\n\t<meta name=\"twitter:data1\" content=\"1 minute\" \/>\n<script type=\"application\/ld+json\" class=\"yoast-schema-graph\">{\"@context\":\"https:\\\/\\\/schema.org\",\"@graph\":[{\"@type\":\"WebPage\",\"@id\":\"https:\\\/\\\/marinedescols.com\\\/\",\"url\":\"https:\\\/\\\/marinedescols.com\\\/\",\"name\":\"MARINE DESCOLS:CABINET D'HYPNOSE \u00c0 CHAMB\u00c9RY, BARBERAZ\",\"isPartOf\":{\"@id\":\"https:\\\/\\\/marinedescols.com\\\/#website\"},\"primaryImageOfPage\":{\"@id\":\"https:\\\/\\\/marinedescols.com\\\/#primaryimage\"},\"image\":{\"@id\":\"https:\\\/\\\/marinedescols.com\\\/#primaryimage\"},\"thumbnailUrl\":\"https:\\\/\\\/marinedescols.com\\\/wp-content\\\/uploads\\\/2020\\\/11\\\/hypnose-chambery-1-scaled.jpg\",\"datePublished\":\"2020-03-04T12:12:34+00:00\",\"dateModified\":\"2021-04-23T21:09:48+00:00\",\"description\":\"Un accueil chaleureux, dans un cabinet d'hypnose lumineux et accessible situ\u00e9 \u00e0 Barberaz, pr\u00e8s de Chamb\u00e9ry. Ouvert en semaine.\",\"breadcrumb\":{\"@id\":\"https:\\\/\\\/marinedescols.com\\\/#breadcrumb\"},\"inLanguage\":\"en-GB\",\"potentialAction\":[{\"@type\":\"ReadAction\",\"target\":[\"https:\\\/\\\/marinedescols.com\\\/\"]}]},{\"@type\":\"ImageObject\",\"inLanguage\":\"en-GB\",\"@id\":\"https:\\\/\\\/marinedescols.com\\\/#primaryimage\",\"url\":\"https:\\\/\\\/marinedescols.com\\\/wp-content\\\/uploads\\\/2020\\\/11\\\/hypnose-chambery-1-scaled.jpg\",\"contentUrl\":\"https:\\\/\\\/marinedescols.com\\\/wp-content\\\/uploads\\\/2020\\\/11\\\/hypnose-chambery-1-scaled.jpg\"},{\"@type\":\"BreadcrumbList\",\"@id\":\"https:\\\/\\\/marinedescols.com\\\/#breadcrumb\",\"itemListElement\":[{\"@type\":\"ListItem\",\"position\":1,\"name\":\"Accueil\",\"item\":\"https:\\\/\\\/marinedescols.com\\\/\"},{\"@type\":\"ListItem\",\"position\":2,\"name\":\"ACCUEIL\"}]},{\"@type\":\"WebSite\",\"@id\":\"https:\\\/\\\/marinedescols.com\\\/#website\",\"url\":\"https:\\\/\\\/marinedescols.com\\\/\",\"name\":\"Marine Descols\",\"description\":\"Hypnose sur Aix les Bains - Chamb\u00e9ry\",\"potentialAction\":[{\"@type\":\"SearchAction\",\"target\":{\"@type\":\"EntryPoint\",\"urlTemplate\":\"https:\\\/\\\/marinedescols.com\\\/?s={search_term_string}\"},\"query-input\":{\"@type\":\"PropertyValueSpecification\",\"valueRequired\":true,\"valueName\":\"search_term_string\"}}],\"inLanguage\":\"en-GB\"}]}<\/script>\n<!-- \/ Yoast SEO plugin. -->","yoast_head_json":{"title":"MARINE DESCOLS:HYPNOSIS PRACTICE IN CHAMB\u00c9RY, BARBERAZ","description":"A warm welcome in a bright and accessible hypnosis practice located in Barberaz, near Chamb\u00e9ry. Open on weekdays.","robots":{"index":"index","follow":"follow","max-snippet":"max-snippet:-1","max-image-preview":"max-image-preview:large","max-video-preview":"max-video-preview:-1"},"canonical":"https:\/\/marinedescols.com\/en\/","og_locale":"en_GB","og_type":"article","og_title":"MARINE DESCOLS:CABINET D'HYPNOSE \u00c0 CHAMB\u00c9RY, BARBERAZ","og_description":"Un accueil chaleureux, dans un cabinet d'hypnose lumineux et accessible situ\u00e9 \u00e0 Barberaz, pr\u00e8s de Chamb\u00e9ry. Ouvert en semaine.","og_url":"https:\/\/marinedescols.com\/en\/","og_site_name":"Marine Descols","article_modified_time":"2021-04-23T21:09:48+00:00","og_image":[{"url":"https:\/\/marinedescols.com\/wp-content\/uploads\/2020\/11\/hypnose-chambery-1-scaled.jpg","type":"","width":"","height":""}],"twitter_card":"summary_large_image","twitter_misc":{"Estimated reading time":"1 minute"},"schema":{"@context":"https:\/\/schema.org","@graph":[{"@type":"WebPage","@id":"https:\/\/marinedescols.com\/","url":"https:\/\/marinedescols.com\/","name":"MARINE DESCOLS:HYPNOSIS PRACTICE IN CHAMB\u00c9RY, BARBERAZ","isPartOf":{"@id":"https:\/\/marinedescols.com\/#website"},"primaryImageOfPage":{"@id":"https:\/\/marinedescols.com\/#primaryimage"},"image":{"@id":"https:\/\/marinedescols.com\/#primaryimage"},"thumbnailUrl":"https:\/\/marinedescols.com\/wp-content\/uploads\/2020\/11\/hypnose-chambery-1-scaled.jpg","datePublished":"2020-03-04T12:12:34+00:00","dateModified":"2021-04-23T21:09:48+00:00","description":"A warm welcome in a bright and accessible hypnosis practice located in Barberaz, near Chamb\u00e9ry. Open on weekdays.","breadcrumb":{"@id":"https:\/\/marinedescols.com\/#breadcrumb"},"inLanguage":"en-GB","potentialAction":[{"@type":"ReadAction","target":["https:\/\/marinedescols.com\/"]}]},{"@type":"ImageObject","inLanguage":"en-GB","@id":"https:\/\/marinedescols.com\/#primaryimage","url":"https:\/\/marinedescols.com\/wp-content\/uploads\/2020\/11\/hypnose-chambery-1-scaled.jpg","contentUrl":"https:\/\/marinedescols.com\/wp-content\/uploads\/2020\/11\/hypnose-chambery-1-scaled.jpg"},{"@type":"BreadcrumbList","@id":"https:\/\/marinedescols.com\/#breadcrumb","itemListElement":[{"@type":"ListItem","position":1,"name":"Accueil","item":"https:\/\/marinedescols.com\/"},{"@type":"ListItem","position":2,"name":"ACCUEIL"}]},{"@type":"WebSite","@id":"https:\/\/marinedescols.com\/#website","url":"https:\/\/marinedescols.com\/","name":"Marine Descols","description":"Hypnosis on Aix les Bains - Chamb\u00e9ry","potentialAction":[{"@type":"SearchAction","target":{"@type":"EntryPoint","urlTemplate":"https:\/\/marinedescols.com\/?s={search_term_string}"},"query-input":{"@type":"PropertyValueSpecification","valueRequired":true,"valueName":"search_term_string"}}],"inLanguage":"en-GB"}]}},"builder_content":"<h1 style=\"text-align: center;\">Hypnose \u00e0 Chamb\u00e9ry<\/h1> <h2 style=\"text-align: center;\">Marine Descols, sp\u00e9cialiste de l'hypnose en Savoie ou en visio.<\/h2>\n<img src=\"https:\/\/marinedescols.com\/wp-content\/uploads\/2020\/11\/hypnose-chambery-1-scaled.jpg\" title=\"hypnose-chambery-1\" alt=\"Hypnose Chamb\u00e9ry\" srcset=\"https:\/\/marinedescols.com\/wp-content\/uploads\/2020\/11\/hypnose-chambery-1-scaled.jpg 2474w, https:\/\/marinedescols.com\/wp-content\/uploads\/2020\/11\/hypnose-chambery-1-290x300.jpg 290w, https:\/\/marinedescols.com\/wp-content\/uploads\/2020\/11\/hypnose-chambery-1-990x1024.jpg 990w, https:\/\/marinedescols.com\/wp-content\/uploads\/2020\/11\/hypnose-chambery-1-768x795.jpg 768w, https:\/\/marinedescols.com\/wp-content\/uploads\/2020\/11\/hypnose-chambery-1-1484x1536.jpg 1484w, https:\/\/marinedescols.com\/wp-content\/uploads\/2020\/11\/hypnose-chambery-1-1979x2048.jpg 1979w, https:\/\/marinedescols.com\/wp-content\/uploads\/2020\/11\/hypnose-chambery-1-12x12.jpg 12w\" sizes=\"(max-width: 2474px) 100vw, 2474px\" \/>\n<h3>Laura D<\/h3> <p style=\"text-align: center;\">Avant, quand il y avait une situation de conflit avec mon p\u00e8re, ma voix tremblait, j'essayais de me justifier, \u00e7a finissait toujours en larmes.<br \/>Aujourd'hui j'ai r\u00e9pondu avec un aplomb que je ne pensais pas avoir.\u00a0<\/p> <p>Et l\u00e0 j'ai compris que la culpabilit\u00e9 m'avait quitt\u00e9e.<\/p> Hypnose Humaniste <a href=\"https:\/\/marinedescols.com\/lhypnose\/\">Conflit familial <\/a> <h3>Marina C<\/h3> <p>Bonjour.<br \/>2 mois sans cigarette et tout sans une goutte de sueur.<br \/>Un grand merci pour ces deux mois!<\/p> Hypnose Eriksonienne <a href=\"https:\/\/marinedescols.com\/lhypnose\/\">Arr\u00eat tabac<\/a> <h3>Laura M<\/h3> <p>Petit mot pour te remercier de cette s\u00e9ance qui a tellement chang\u00e9 ma vie! Avec le temps j'ai remarqu\u00e9 plein de changements, je me voyais r\u00e9agir (ou non) \u00e0 certaines situations diff\u00e9remment...alors que sur le moment je n'ai eu conscience que de cet apaisement si fort que j'ai ressenti.(...)\u00a0<\/p> Hypnose Eriksonniene <a href=\"https:\/\/marinedescols.com\/lhypnose\/\">confiance en soi<\/a> <h3>Aur\u00e9lie M.<\/h3> <p>Apr\u00e8s seulement 2 s\u00e9ances, je n'ai plus peur des araign\u00e9es, un r\u00e9el soulagement pour moi ! Merci Marine :)<\/p> Hypnose Eriksonniene <a href=\"https:\/\/marinedescols.com\/lhypnose\/\">Phobie<\/a> <h3>Mickael G<\/h3> <p>La transe hypnotique est un \u00e9tat de conscience qui aura \u00e9t\u00e9 pour moi une experience extraordinaire, o\u00f9 mes \u00e9motions ont litt\u00e9ralement jailli!\u00a0<br \/>C'\u00e9tait vraiment fort et enrichissant.\u00a0<\/p> Hypnose Eriksonniene <a href=\"https:\/\/marinedescols.com\/lhypnose\/\">traumatisme de l&#039;enfance<\/a> <h3>Mickael G<\/h3> <p>(...) j'ai appris \u00e9norm\u00e9ment de choses sur moi m\u00eame lors de ces 2 s\u00e9ances. Elles ont gu\u00e9ri des blessures profondes qui me hantaient depuis l'enfance! C'\u00e9tait vraiment fort et enrichissant! Merci\u00a0<\/p> Hypnose Eriksonniene <a href=\"https:\/\/marinedescols.com\/lhypnose\/\">traumatisme de l&#039;enfance<\/a>","_links":{"self":[{"href":"https:\/\/marinedescols.com\/en\/wp-json\/wp\/v2\/pages\/38","targetHints":{"allow":["GET"]}}],"collection":[{"href":"https:\/\/marinedescols.com\/en\/wp-json\/wp\/v2\/pages"}],"about":[{"href":"https:\/\/marinedescols.com\/en\/wp-json\/wp\/v2\/types\/page"}],"author":[{"embeddable":true,"href":"https:\/\/marinedescols.com\/en\/wp-json\/wp\/v2\/users\/1"}],"replies":[{"embeddable":true,"href":"https:\/\/marinedescols.com\/en\/wp-json\/wp\/v2\/comments?post=38"}],"version-history":[{"count":5,"href":"https:\/\/marinedescols.com\/en\/wp-json\/wp\/v2\/pages\/38\/revisions"}],"predecessor-version":[{"id":605,"href":"https:\/\/marinedescols.com\/en\/wp-json\/wp\/v2\/pages\/38\/revisions\/605"}],"wp:attachment":[{"href":"https:\/\/marinedescols.com\/en\/wp-json\/wp\/v2\/media?parent=38"}],"curies":[{"name":"wp","href":"https:\/\/api.w.org\/{rel}","templated":true}]}}