{"id":367,"date":"2020-10-03T11:52:30","date_gmt":"2020-10-03T09:52:30","guid":{"rendered":"https:\/\/marinedescols.com\/?page_id=367"},"modified":"2020-10-03T11:58:05","modified_gmt":"2020-10-03T09:58:05","slug":"wim-hoff-method","status":"publish","type":"page","link":"https:\/\/marinedescols.com\/en\/wim-hoff-method\/","title":{"rendered":"NEWS"},"content":{"rendered":"<div class=\"post-video\"><iframe loading=\"lazy\" title=\"Energy and the Sacred Body - The EXTRA Lab S3E6 (Free sample)\" width=\"1165\" height=\"655\" src=\"https:\/\/www.youtube.com\/embed\/-3CfUeuysOU?feature=oembed\" frameborder=\"0\" allow=\"accelerometer; autoplay; clipboard-write; encrypted-media; gyroscope; picture-in-picture\" allowfullscreen><\/iframe><\/div>\n<p>&nbsp;<\/p>\n<p>I regularly use the Wim Hoff Method for smoking cessation in the office.<br \/>\nTo find out more, here is the report shot during our training in Haute Savoie.<\/p>\n<p>( Thanks to my colleague S\u00e9bastien Payet, 1st French Wim Hoff trainer)<\/p>\n<!--themify_builder_content-->\n<div id=\"themify_builder_content-367\" data-postid=\"367\" class=\"themify_builder_content themify_builder_content-367 themify_builder tf_clear\">\n    <\/div>\n<!--\/themify_builder_content-->","protected":false},"excerpt":{"rendered":"<p>&nbsp; I regularly use the Wim Hoff Method for smoking cessation in my practice. To know more about it, here is the report shot during our training in Haute Savoie. ( Thanks to my colleague S\u00e9bastien Payet, 1st French Wim Hoff trainer)<\/p>","protected":false},"author":1,"featured_media":0,"parent":0,"menu_order":0,"comment_status":"closed","ping_status":"closed","template":"","meta":{"_monsterinsights_skip_tracking":false,"_monsterinsights_sitenote_active":false,"_monsterinsights_sitenote_note":"","_monsterinsights_sitenote_category":0,"footnotes":""},"class_list":["post-367","page","type-page","status-publish","hentry","has-post-title","has-post-date","has-post-category","has-post-tag","has-post-comment","has-post-author",""],"yoast_head":"<!-- This site is optimized with the Yoast SEO plugin v27.4 - https:\/\/yoast.com\/product\/yoast-seo-wordpress\/ -->\n<title>NEWS - Marine Descols<\/title>\n<meta name=\"robots\" content=\"index, follow, max-snippet:-1, max-image-preview:large, max-video-preview:-1\" \/>\n<link rel=\"canonical\" href=\"https:\/\/marinedescols.com\/en\/wim-hoff-method\/\" \/>\n<meta property=\"og:locale\" content=\"en_GB\" \/>\n<meta property=\"og:type\" content=\"article\" \/>\n<meta property=\"og:title\" content=\"NEWS - Marine Descols\" \/>\n<meta property=\"og:description\" content=\"&nbsp; J&rsquo;utilise r\u00e9guli\u00e8rement la Wim Hoff M\u00e9thode pour les arr\u00eats du tabac au cabinet. Pour en savoir plus, voici le reportage tourn\u00e9 lors de notre formation en Haute Savoie. ( Merci \u00e0 mon coll\u00e8gue S\u00e9bastien Payet, 1er formateur Wim Hoff Fran\u00e7ais)\" \/>\n<meta property=\"og:url\" content=\"https:\/\/marinedescols.com\/en\/wim-hoff-method\/\" \/>\n<meta property=\"og:site_name\" content=\"Marine Descols\" \/>\n<meta property=\"article:modified_time\" content=\"2020-10-03T09:58:05+00:00\" \/>\n<meta name=\"twitter:card\" content=\"summary_large_image\" \/>\n<script type=\"application\/ld+json\" class=\"yoast-schema-graph\">{\"@context\":\"https:\\\/\\\/schema.org\",\"@graph\":[{\"@type\":\"WebPage\",\"@id\":\"https:\\\/\\\/marinedescols.com\\\/wim-hoff-method\\\/\",\"url\":\"https:\\\/\\\/marinedescols.com\\\/wim-hoff-method\\\/\",\"name\":\"NEWS - Marine Descols\",\"isPartOf\":{\"@id\":\"https:\\\/\\\/marinedescols.com\\\/#website\"},\"datePublished\":\"2020-10-03T09:52:30+00:00\",\"dateModified\":\"2020-10-03T09:58:05+00:00\",\"breadcrumb\":{\"@id\":\"https:\\\/\\\/marinedescols.com\\\/wim-hoff-method\\\/#breadcrumb\"},\"inLanguage\":\"en-GB\",\"potentialAction\":[{\"@type\":\"ReadAction\",\"target\":[\"https:\\\/\\\/marinedescols.com\\\/wim-hoff-method\\\/\"]}]},{\"@type\":\"BreadcrumbList\",\"@id\":\"https:\\\/\\\/marinedescols.com\\\/wim-hoff-method\\\/#breadcrumb\",\"itemListElement\":[{\"@type\":\"ListItem\",\"position\":1,\"name\":\"Accueil\",\"item\":\"https:\\\/\\\/marinedescols.com\\\/\"},{\"@type\":\"ListItem\",\"position\":2,\"name\":\"NEWS\"}]},{\"@type\":\"WebSite\",\"@id\":\"https:\\\/\\\/marinedescols.com\\\/#website\",\"url\":\"https:\\\/\\\/marinedescols.com\\\/\",\"name\":\"Marine Descols\",\"description\":\"Hypnose sur Aix les Bains - Chamb\u00e9ry\",\"potentialAction\":[{\"@type\":\"SearchAction\",\"target\":{\"@type\":\"EntryPoint\",\"urlTemplate\":\"https:\\\/\\\/marinedescols.com\\\/?s={search_term_string}\"},\"query-input\":{\"@type\":\"PropertyValueSpecification\",\"valueRequired\":true,\"valueName\":\"search_term_string\"}}],\"inLanguage\":\"en-GB\"}]}<\/script>\n<!-- \/ Yoast SEO plugin. -->","yoast_head_json":{"title":"NEWS - Marine Descols","robots":{"index":"index","follow":"follow","max-snippet":"max-snippet:-1","max-image-preview":"max-image-preview:large","max-video-preview":"max-video-preview:-1"},"canonical":"https:\/\/marinedescols.com\/en\/wim-hoff-method\/","og_locale":"en_GB","og_type":"article","og_title":"NEWS - Marine Descols","og_description":"&nbsp; J&rsquo;utilise r\u00e9guli\u00e8rement la Wim Hoff M\u00e9thode pour les arr\u00eats du tabac au cabinet. Pour en savoir plus, voici le reportage tourn\u00e9 lors de notre formation en Haute Savoie. ( Merci \u00e0 mon coll\u00e8gue S\u00e9bastien Payet, 1er formateur Wim Hoff Fran\u00e7ais)","og_url":"https:\/\/marinedescols.com\/en\/wim-hoff-method\/","og_site_name":"Marine Descols","article_modified_time":"2020-10-03T09:58:05+00:00","twitter_card":"summary_large_image","schema":{"@context":"https:\/\/schema.org","@graph":[{"@type":"WebPage","@id":"https:\/\/marinedescols.com\/wim-hoff-method\/","url":"https:\/\/marinedescols.com\/wim-hoff-method\/","name":"NEWS - Marine Descols","isPartOf":{"@id":"https:\/\/marinedescols.com\/#website"},"datePublished":"2020-10-03T09:52:30+00:00","dateModified":"2020-10-03T09:58:05+00:00","breadcrumb":{"@id":"https:\/\/marinedescols.com\/wim-hoff-method\/#breadcrumb"},"inLanguage":"en-GB","potentialAction":[{"@type":"ReadAction","target":["https:\/\/marinedescols.com\/wim-hoff-method\/"]}]},{"@type":"BreadcrumbList","@id":"https:\/\/marinedescols.com\/wim-hoff-method\/#breadcrumb","itemListElement":[{"@type":"ListItem","position":1,"name":"Accueil","item":"https:\/\/marinedescols.com\/"},{"@type":"ListItem","position":2,"name":"NEWS"}]},{"@type":"WebSite","@id":"https:\/\/marinedescols.com\/#website","url":"https:\/\/marinedescols.com\/","name":"Marine Descols","description":"Hypnosis on Aix les Bains - Chamb\u00e9ry","potentialAction":[{"@type":"SearchAction","target":{"@type":"EntryPoint","urlTemplate":"https:\/\/marinedescols.com\/?s={search_term_string}"},"query-input":{"@type":"PropertyValueSpecification","valueRequired":true,"valueName":"search_term_string"}}],"inLanguage":"en-GB"}]}},"builder_content":"","_links":{"self":[{"href":"https:\/\/marinedescols.com\/en\/wp-json\/wp\/v2\/pages\/367","targetHints":{"allow":["GET"]}}],"collection":[{"href":"https:\/\/marinedescols.com\/en\/wp-json\/wp\/v2\/pages"}],"about":[{"href":"https:\/\/marinedescols.com\/en\/wp-json\/wp\/v2\/types\/page"}],"author":[{"embeddable":true,"href":"https:\/\/marinedescols.com\/en\/wp-json\/wp\/v2\/users\/1"}],"replies":[{"embeddable":true,"href":"https:\/\/marinedescols.com\/en\/wp-json\/wp\/v2\/comments?post=367"}],"version-history":[{"count":5,"href":"https:\/\/marinedescols.com\/en\/wp-json\/wp\/v2\/pages\/367\/revisions"}],"predecessor-version":[{"id":388,"href":"https:\/\/marinedescols.com\/en\/wp-json\/wp\/v2\/pages\/367\/revisions\/388"}],"wp:attachment":[{"href":"https:\/\/marinedescols.com\/en\/wp-json\/wp\/v2\/media?parent=367"}],"curies":[{"name":"wp","href":"https:\/\/api.w.org\/{rel}","templated":true}]}}